{"id":1593,"date":"2025-07-21T15:15:50","date_gmt":"2025-07-21T13:15:50","guid":{"rendered":"https:\/\/dev.tutemetscombien.fr\/?post_type=product&#038;p=1593"},"modified":"2026-02-23T11:15:47","modified_gmt":"2026-02-23T10:15:47","slug":"musica-ttmc","status":"publish","type":"product","link":"https:\/\/dev.tutemetscombien.fr\/it\/jeu-de-societe\/ttmc-musique\/","title":{"rendered":"TTMC \u2013 Musica"},"content":{"rendered":"<p>Variante ritmica di <em>TTMC \u2013 Tu Te Mets Combien ?<\/em>, Questa edizione speciale ti offre 162 carte e 1.178 domande sulla musica.<\/p>\n<p>\u00c8 la solita vecchia storia: valuti la tua conoscenza da 1 (facile) a 10 (esperto) sull&#039;argomento scelto. Pi\u00f9 alto \u00e8 il punteggio, pi\u00f9 difficile \u00e8 la domanda. Una risposta corretta? Avanzi di un numero di spazi pari al tuo punteggio.<\/p>\n<p>Accessibile a tutti gli amanti della musica, metti alla prova le tue conoscenze da Aznavour a Beyonc\u00e9.<\/p>","protected":false},"excerpt":{"rendered":"<p>Quante canzoni Disney ti consideri? Dei Beatles? Delle chitarre?<br \/>\nUn festival di domande sulla musica!<\/p>","protected":false},"featured_media":3599,"comment_status":"closed","ping_status":"closed","template":"","meta":{"_acf_changed":false},"product_brand":[],"product_cat":[37],"product_tag":[],"class_list":{"0":"post-1593","1":"product","2":"type-product","3":"status-publish","4":"has-post-thumbnail","6":"product_cat-ttmc-france","8":"first","9":"outofstock","10":"taxable","11":"shipping-taxable","12":"purchasable","13":"product-type-simple"},"acf":[],"_links":{"self":[{"href":"https:\/\/dev.tutemetscombien.fr\/it\/wp-json\/wp\/v2\/product\/1593","targetHints":{"allow":["GET"]}}],"collection":[{"href":"https:\/\/dev.tutemetscombien.fr\/it\/wp-json\/wp\/v2\/product"}],"about":[{"href":"https:\/\/dev.tutemetscombien.fr\/it\/wp-json\/wp\/v2\/types\/product"}],"replies":[{"embeddable":true,"href":"https:\/\/dev.tutemetscombien.fr\/it\/wp-json\/wp\/v2\/comments?post=1593"}],"wp:featuredmedia":[{"embeddable":true,"href":"https:\/\/dev.tutemetscombien.fr\/it\/wp-json\/wp\/v2\/media\/3599"}],"wp:attachment":[{"href":"https:\/\/dev.tutemetscombien.fr\/it\/wp-json\/wp\/v2\/media?parent=1593"}],"wp:term":[{"taxonomy":"product_brand","embeddable":true,"href":"https:\/\/dev.tutemetscombien.fr\/it\/wp-json\/wp\/v2\/product_brand?post=1593"},{"taxonomy":"product_cat","embeddable":true,"href":"https:\/\/dev.tutemetscombien.fr\/it\/wp-json\/wp\/v2\/product_cat?post=1593"},{"taxonomy":"product_tag","embeddable":true,"href":"https:\/\/dev.tutemetscombien.fr\/it\/wp-json\/wp\/v2\/product_tag?post=1593"}],"curies":[{"name":"parola chiave","href":"https:\/\/api.w.org\/{rel}","templated":true}]}}