{"id":1594,"date":"2025-07-21T15:19:09","date_gmt":"2025-07-21T13:19:09","guid":{"rendered":"https:\/\/dev.tutemetscombien.fr\/?post_type=product&#038;p=1594"},"modified":"2026-02-23T11:15:05","modified_gmt":"2026-02-23T10:15:05","slug":"ttmc-buon-cibo-con-marmiton","status":"publish","type":"product","link":"https:\/\/dev.tutemetscombien.fr\/it\/jeu-de-societe\/ttmc-bonne-bouffe-avec-marmiton\/","title":{"rendered":"TTMC \u2013 Bonne Bouffe avec Marmiton"},"content":{"rendered":"<p>Una gustosa variante di <em>TTMC \u2013 Tu Te Mets Combien ?<\/em>, Questa edizione speciale ti offre 162 carte e 1.157 domande sulla cucina.<\/p>\n<p>La formula rimane la stessa: autovaluta le tue conoscenze da 1 (facile) a 10 (esperto) sull&#039;argomento dato. Pi\u00f9 alto \u00e8 il punteggio, pi\u00f9 impegnativa \u00e8 la domanda. Una risposta corretta? Avanza di un numero di spazi pari al tuo punteggio. Semplice, coinvolgente ed efficace.<\/p>\n<p>Accessibile a tutti gli amanti del cibo, questo gioco pu\u00f2 essere apprezzato senza moderazione.<\/p>\n<p>In collaborazione con Marmiton.<\/p>","protected":false},"excerpt":{"rendered":"<div id=\"product-description-short-2134\">\n<p>Quanto spendi per il tiramis\u00f9? Per i metodi di cottura? Per gli chef stellati Michelin?<br \/>\nUna festa di domande, con Marmiton!<\/p>\n<\/div>","protected":false},"featured_media":1588,"comment_status":"closed","ping_status":"closed","template":"","meta":{"_acf_changed":false},"product_brand":[],"product_cat":[37],"product_tag":[],"class_list":{"0":"post-1594","1":"product","2":"type-product","3":"status-publish","4":"has-post-thumbnail","6":"product_cat-ttmc-france","8":"first","9":"instock","10":"taxable","11":"shipping-taxable","12":"purchasable","13":"product-type-simple"},"acf":[],"_links":{"self":[{"href":"https:\/\/dev.tutemetscombien.fr\/it\/wp-json\/wp\/v2\/product\/1594","targetHints":{"allow":["GET"]}}],"collection":[{"href":"https:\/\/dev.tutemetscombien.fr\/it\/wp-json\/wp\/v2\/product"}],"about":[{"href":"https:\/\/dev.tutemetscombien.fr\/it\/wp-json\/wp\/v2\/types\/product"}],"replies":[{"embeddable":true,"href":"https:\/\/dev.tutemetscombien.fr\/it\/wp-json\/wp\/v2\/comments?post=1594"}],"wp:featuredmedia":[{"embeddable":true,"href":"https:\/\/dev.tutemetscombien.fr\/it\/wp-json\/wp\/v2\/media\/1588"}],"wp:attachment":[{"href":"https:\/\/dev.tutemetscombien.fr\/it\/wp-json\/wp\/v2\/media?parent=1594"}],"wp:term":[{"taxonomy":"product_brand","embeddable":true,"href":"https:\/\/dev.tutemetscombien.fr\/it\/wp-json\/wp\/v2\/product_brand?post=1594"},{"taxonomy":"product_cat","embeddable":true,"href":"https:\/\/dev.tutemetscombien.fr\/it\/wp-json\/wp\/v2\/product_cat?post=1594"},{"taxonomy":"product_tag","embeddable":true,"href":"https:\/\/dev.tutemetscombien.fr\/it\/wp-json\/wp\/v2\/product_tag?post=1594"}],"curies":[{"name":"parola chiave","href":"https:\/\/api.w.org\/{rel}","templated":true}]}}