{"id":2188,"date":"2025-09-16T10:19:44","date_gmt":"2025-09-16T08:19:44","guid":{"rendered":"https:\/\/dev.tutemetscombien.fr\/?post_type=product&#038;p=2188"},"modified":"2026-02-23T11:14:13","modified_gmt":"2026-02-23T10:14:13","slug":"ttmc-il-complemento-belga","status":"publish","type":"product","link":"https:\/\/dev.tutemetscombien.fr\/it\/jeu-de-societe\/ttmc-le-complement-belge\/","title":{"rendered":"TTMC \u2013 Le Compl\u00e9ment Belge"},"content":{"rendered":"<p>Immergiti nella cultura belga con questa estensione locale 100 %<em> TTMC \u2013 Tu Te Mets Combien ?<\/em>.<\/p>\n<p>130 carte e 1.014 domande compatibili con il <em>TTMC 1<\/em> per mettere alla prova le tue conoscenze oltre a patatine fritte e Stromae.<\/p>\n<p>Il principio rimane lo stesso: si autovaluta la propria conoscenza da 1 (facile) a 10 (esperto) sull&#039;argomento dato. Pi\u00f9 alto \u00e8 il punteggio, pi\u00f9 difficile \u00e8 la domanda. Una risposta corretta? Si avanza di un numero di spazi pari al punteggio ottenuto.<\/p>","protected":false},"excerpt":{"rendered":"<p>Quanto investiresti in una Chevrolet? In Beno\u00eet Poelvoorde? In una bici su rotaia?<br \/>\nL&#039;estensione <em>TTMC<\/em> Edizione speciale per il Belgio!<\/p>","protected":false},"featured_media":3149,"comment_status":"closed","ping_status":"closed","template":"","meta":{"_acf_changed":false},"product_brand":[],"product_cat":[37],"product_tag":[],"class_list":{"0":"post-2188","1":"product","2":"type-product","3":"status-publish","4":"has-post-thumbnail","6":"product_cat-ttmc-france","8":"first","9":"outofstock","10":"taxable","11":"shipping-taxable","12":"purchasable","13":"product-type-simple"},"acf":[],"_links":{"self":[{"href":"https:\/\/dev.tutemetscombien.fr\/it\/wp-json\/wp\/v2\/product\/2188","targetHints":{"allow":["GET"]}}],"collection":[{"href":"https:\/\/dev.tutemetscombien.fr\/it\/wp-json\/wp\/v2\/product"}],"about":[{"href":"https:\/\/dev.tutemetscombien.fr\/it\/wp-json\/wp\/v2\/types\/product"}],"replies":[{"embeddable":true,"href":"https:\/\/dev.tutemetscombien.fr\/it\/wp-json\/wp\/v2\/comments?post=2188"}],"wp:featuredmedia":[{"embeddable":true,"href":"https:\/\/dev.tutemetscombien.fr\/it\/wp-json\/wp\/v2\/media\/3149"}],"wp:attachment":[{"href":"https:\/\/dev.tutemetscombien.fr\/it\/wp-json\/wp\/v2\/media?parent=2188"}],"wp:term":[{"taxonomy":"product_brand","embeddable":true,"href":"https:\/\/dev.tutemetscombien.fr\/it\/wp-json\/wp\/v2\/product_brand?post=2188"},{"taxonomy":"product_cat","embeddable":true,"href":"https:\/\/dev.tutemetscombien.fr\/it\/wp-json\/wp\/v2\/product_cat?post=2188"},{"taxonomy":"product_tag","embeddable":true,"href":"https:\/\/dev.tutemetscombien.fr\/it\/wp-json\/wp\/v2\/product_tag?post=2188"}],"curies":[{"name":"parola chiave","href":"https:\/\/api.w.org\/{rel}","templated":true}]}}