{"id":2521,"date":"2025-10-21T12:21:27","date_gmt":"2025-10-21T10:21:27","guid":{"rendered":"https:\/\/dev.tutemetscombien.fr\/?post_type=product&#038;p=2521"},"modified":"2026-02-23T11:13:28","modified_gmt":"2026-02-23T10:13:28","slug":"ttmc-lintegratore-naturale","status":"publish","type":"product","link":"https:\/\/dev.tutemetscombien.fr\/it\/jeu-de-societe\/ttmc-le-complement-naturel\/","title":{"rendered":"TTMC \u2013 Le Compl\u00e9ment Naturel"},"content":{"rendered":"<p>Pensavi che avremmo parlato di pini marittimi e compost? Sbagliato.<\/p>\n<p><em>L&#039;integratore naturale<\/em>, \u00c8 semplicemente l&#039;estensione che si adatta naturalmente alla scatola del <em>TTMC 1<\/em>.<\/p>\n<p>130 carte e 1.035 nuove domande da rigiocare, con le stesse categorie leggendarie: Scuola, Maturi, Divertimento, Improbabile e le famose carte Sfida e Non esitare a vincere.<\/p>\n<p>Il principio rimane lo stesso: si autovaluta la propria conoscenza da 1 (facile) a 10 (esperto) sull&#039;argomento dato. Pi\u00f9 alto \u00e8 il punteggio, pi\u00f9 difficile \u00e8 la domanda. Una risposta corretta? Si avanza di un numero di spazi pari al punteggio ottenuto.<\/p>","protected":false},"excerpt":{"rendered":"<div id=\"TheTexte\" class=\"Texte\" lang=\"zxx\">\n<div id=\"product-description-short-224\">\n<p>Quanto spendi per la birra? Per il collutorio? Per i cibi amidacei?<br \/>\nL&#039;unica cosa naturale in lui \u00e8 che si adatta perfettamente al tuo <em>TTMC<\/em> !<\/p>\n<\/div>\n<\/div>","protected":false},"featured_media":3148,"comment_status":"closed","ping_status":"closed","template":"","meta":{"_acf_changed":false},"product_brand":[],"product_cat":[37],"product_tag":[],"class_list":{"0":"post-2521","1":"product","2":"type-product","3":"status-publish","4":"has-post-thumbnail","6":"product_cat-ttmc-france","8":"first","9":"instock","10":"taxable","11":"shipping-taxable","12":"purchasable","13":"product-type-simple"},"acf":[],"_links":{"self":[{"href":"https:\/\/dev.tutemetscombien.fr\/it\/wp-json\/wp\/v2\/product\/2521","targetHints":{"allow":["GET"]}}],"collection":[{"href":"https:\/\/dev.tutemetscombien.fr\/it\/wp-json\/wp\/v2\/product"}],"about":[{"href":"https:\/\/dev.tutemetscombien.fr\/it\/wp-json\/wp\/v2\/types\/product"}],"replies":[{"embeddable":true,"href":"https:\/\/dev.tutemetscombien.fr\/it\/wp-json\/wp\/v2\/comments?post=2521"}],"wp:featuredmedia":[{"embeddable":true,"href":"https:\/\/dev.tutemetscombien.fr\/it\/wp-json\/wp\/v2\/media\/3148"}],"wp:attachment":[{"href":"https:\/\/dev.tutemetscombien.fr\/it\/wp-json\/wp\/v2\/media?parent=2521"}],"wp:term":[{"taxonomy":"product_brand","embeddable":true,"href":"https:\/\/dev.tutemetscombien.fr\/it\/wp-json\/wp\/v2\/product_brand?post=2521"},{"taxonomy":"product_cat","embeddable":true,"href":"https:\/\/dev.tutemetscombien.fr\/it\/wp-json\/wp\/v2\/product_cat?post=2521"},{"taxonomy":"product_tag","embeddable":true,"href":"https:\/\/dev.tutemetscombien.fr\/it\/wp-json\/wp\/v2\/product_tag?post=2521"}],"curies":[{"name":"parola chiave","href":"https:\/\/api.w.org\/{rel}","templated":true}]}}