{"id":2522,"date":"2025-10-21T12:22:09","date_gmt":"2025-10-21T10:22:09","guid":{"rendered":"https:\/\/dev.tutemetscombien.fr\/?post_type=product&#038;p=2522"},"modified":"2026-02-23T11:12:17","modified_gmt":"2026-02-23T10:12:17","slug":"ttmc-parigi-2024-giochi-olimpici-e-paralimpici","status":"publish","type":"product","link":"https:\/\/dev.tutemetscombien.fr\/it\/jeu-de-societe\/ttmc-paris-2024-jeux-olympiques-paralympiques\/","title":{"rendered":"TTMC - Paris 2024"},"content":{"rendered":"<div id=\"TheTexte\" class=\"Texte\" lang=\"zxx\">\n<p>Variante sportiva di <em>TTMC \u2013 Tu Te Mets Combien ?<\/em>, Questa edizione speciale vi offre 280 carte e 2.024 domande sui Giochi Olimpici e Paralimpici di Parigi 2024.<\/p>\n<p>\u00c8 lo stesso test: valuti la tua conoscenza da 1 (facile) a 10 (esperto) sull&#039;argomento dato. Pi\u00f9 alto \u00e8 il punteggio, pi\u00f9 difficile \u00e8 la domanda. Una risposta corretta? Avanzi di un numero di spazi pari al tuo punteggio.<\/p>\n<p>Accessibile a tutti gli amanti dello sport, questa versione vi permetter\u00e0 di rivivere l&#039;evento che ha emozionato tutti noi e di mettere alla prova le vostre conoscenze sportive senza troppa fatica (o quasi).<\/p>\n<p>Prodotto ufficiale concesso in licenza da Parigi 2024.<\/p>\n<\/div>","protected":false},"excerpt":{"rendered":"<p>Quanto velocemente ti classifichi sullo skateboard? Come Usain Bolt? Come i villaggi olimpici?<br \/>\nUna maratona di nuove domande!<\/p>","protected":false},"featured_media":3154,"comment_status":"closed","ping_status":"closed","template":"","meta":{"_acf_changed":false},"product_brand":[],"product_cat":[37],"product_tag":[],"class_list":{"0":"post-2522","1":"product","2":"type-product","3":"status-publish","4":"has-post-thumbnail","6":"product_cat-ttmc-france","8":"first","9":"instock","10":"taxable","11":"shipping-taxable","12":"purchasable","13":"product-type-simple"},"acf":[],"_links":{"self":[{"href":"https:\/\/dev.tutemetscombien.fr\/it\/wp-json\/wp\/v2\/product\/2522","targetHints":{"allow":["GET"]}}],"collection":[{"href":"https:\/\/dev.tutemetscombien.fr\/it\/wp-json\/wp\/v2\/product"}],"about":[{"href":"https:\/\/dev.tutemetscombien.fr\/it\/wp-json\/wp\/v2\/types\/product"}],"replies":[{"embeddable":true,"href":"https:\/\/dev.tutemetscombien.fr\/it\/wp-json\/wp\/v2\/comments?post=2522"}],"wp:featuredmedia":[{"embeddable":true,"href":"https:\/\/dev.tutemetscombien.fr\/it\/wp-json\/wp\/v2\/media\/3154"}],"wp:attachment":[{"href":"https:\/\/dev.tutemetscombien.fr\/it\/wp-json\/wp\/v2\/media?parent=2522"}],"wp:term":[{"taxonomy":"product_brand","embeddable":true,"href":"https:\/\/dev.tutemetscombien.fr\/it\/wp-json\/wp\/v2\/product_brand?post=2522"},{"taxonomy":"product_cat","embeddable":true,"href":"https:\/\/dev.tutemetscombien.fr\/it\/wp-json\/wp\/v2\/product_cat?post=2522"},{"taxonomy":"product_tag","embeddable":true,"href":"https:\/\/dev.tutemetscombien.fr\/it\/wp-json\/wp\/v2\/product_tag?post=2522"}],"curies":[{"name":"parola chiave","href":"https:\/\/api.w.org\/{rel}","templated":true}]}}