{"id":2523,"date":"2025-10-21T12:23:59","date_gmt":"2025-10-21T10:23:59","guid":{"rendered":"https:\/\/dev.tutemetscombien.fr\/?post_type=product&#038;p=2523"},"modified":"2026-02-23T11:10:55","modified_gmt":"2026-02-23T10:10:55","slug":"ttmc-access-quanto-stai-investendo","status":"publish","type":"product","link":"https:\/\/dev.tutemetscombien.fr\/it\/jeu-de-societe\/ttmc-access-tu-te-mets-combien\/","title":{"rendered":"TTMC Access \u2013 Tu Te Mets Combien ?"},"content":{"rendered":"<p>Stesso gameplay, stesso umorismo anticonformista, ma in una versione pensata in modo che tutti possano giocare <em>TTMC<\/em>.<br \/>\nCon <em>TTMC Access<\/em>, scopre un adattamento di <em>TTMC 1<\/em> appositamente progettato per persone ipovedenti e non vedenti.<\/p>\n<p>Il principio rimane lo stesso: si autovaluta la propria conoscenza da 1 (facile) a 10 (esperto) sull&#039;argomento scelto. Pi\u00f9 alto \u00e8 il punteggio, pi\u00f9...<br \/>\nLa domanda \u00e8 difficile. Una buona risposta? Si avanza di un numero di caselle pari al proprio punteggio.<\/p>\n<p><strong>Un touchscreen<\/strong><br \/>\nIl tabellone di gioco \u00e8 stato riprogettato per offrire un&#039;esperienza fluida e intuitiva.<br \/>\nUna linea guida realizzata in vernice spessa conduce i giocatori dalla casella di partenza all&#039;ultima casella, seguendo una spirale tattile che consente<br \/>\nper sapere sempre in che direzione muovere il tuo pezzo.<br \/>\nA ciascuna categoria \u00e8 associata una distinta forma scavata nel vassoio per facilitarne l&#039;identificazione.<\/p>\n<p><strong>Mappe connesse<\/strong><br \/>\nLe diverse categorie di domande sono rappresentate da tessere di cartone della stessa forma di quelle presenti sul tabellone, dotate di chip NFC.<br \/>\nBasta scansionarli con uno smartphone utilizzando l&#039;app. <em>TTMC Access<\/em>, che legge la domanda ad alta voce.<br \/>\nUna tecnologia semplice, senza mira e pi\u00f9 fluida di un codice QR.<\/p>\n<p><strong>Un&#039;app dedicata<\/strong><br \/>\nDisponibile su iPhone e Android, l&#039;applicazione <em>TTMC Access<\/em> \u00e8 completamente compatibile con gli strumenti di accessibilit\u00e0 TalkBack e<br \/>\nVoce fuori campo.<br \/>\nPu\u00f2 essere adattato alle esigenze di ogni giocatore (sintesi vocale, velocit\u00e0 di lettura, dimensione del carattere, ecc.).<br \/>\nIl manuale di istruzioni \u00e8 accessibile in qualsiasi momento tramite la scheda Aiuto, per guidare i giocatori passo dopo passo durante il gioco.<\/p>\n<p>In collaborazione con AccessiGames.<\/p>","protected":false},"excerpt":{"rendered":"<div id=\"product-description-short-4524\">\n<p>Quanto ti consideri Aladino? Animali immaginari? Stuzzicadenti?<br \/>\nLa versione di <em>TTMC<\/em> progettato per persone ipovedenti e non vedenti, in collaborazione con AccessiGames.<\/p>\n<\/div>","protected":false},"featured_media":3157,"comment_status":"closed","ping_status":"closed","template":"","meta":{"_acf_changed":false},"product_brand":[],"product_cat":[37],"product_tag":[],"class_list":{"0":"post-2523","1":"product","2":"type-product","3":"status-publish","4":"has-post-thumbnail","6":"product_cat-ttmc-france","8":"first","9":"instock","10":"taxable","11":"shipping-taxable","12":"purchasable","13":"product-type-simple"},"acf":[],"_links":{"self":[{"href":"https:\/\/dev.tutemetscombien.fr\/it\/wp-json\/wp\/v2\/product\/2523","targetHints":{"allow":["GET"]}}],"collection":[{"href":"https:\/\/dev.tutemetscombien.fr\/it\/wp-json\/wp\/v2\/product"}],"about":[{"href":"https:\/\/dev.tutemetscombien.fr\/it\/wp-json\/wp\/v2\/types\/product"}],"replies":[{"embeddable":true,"href":"https:\/\/dev.tutemetscombien.fr\/it\/wp-json\/wp\/v2\/comments?post=2523"}],"wp:featuredmedia":[{"embeddable":true,"href":"https:\/\/dev.tutemetscombien.fr\/it\/wp-json\/wp\/v2\/media\/3157"}],"wp:attachment":[{"href":"https:\/\/dev.tutemetscombien.fr\/it\/wp-json\/wp\/v2\/media?parent=2523"}],"wp:term":[{"taxonomy":"product_brand","embeddable":true,"href":"https:\/\/dev.tutemetscombien.fr\/it\/wp-json\/wp\/v2\/product_brand?post=2523"},{"taxonomy":"product_cat","embeddable":true,"href":"https:\/\/dev.tutemetscombien.fr\/it\/wp-json\/wp\/v2\/product_cat?post=2523"},{"taxonomy":"product_tag","embeddable":true,"href":"https:\/\/dev.tutemetscombien.fr\/it\/wp-json\/wp\/v2\/product_tag?post=2523"}],"curies":[{"name":"parola chiave","href":"https:\/\/api.w.org\/{rel}","templated":true}]}}