{"id":2739,"date":"2025-10-31T16:10:10","date_gmt":"2025-10-31T15:10:10","guid":{"rendered":"https:\/\/dev.tutemetscombien.fr\/?post_type=product&#038;p=2739"},"modified":"2025-12-01T15:29:37","modified_gmt":"2025-12-01T14:29:37","slug":"na-ile-orgarniasz","status":"publish","type":"product","link":"https:\/\/dev.tutemetscombien.fr\/it\/jeu-de-societe\/na-ile-orgarniasz\/","title":{"rendered":"Na ile orgarniasz?"},"content":{"rendered":"<p><em>TTMC \u2013 Tu Te Mets Combien ?<\/em> \u00e8 a met\u00e0 strada tra un gioco di cultura generale e un gioco di societ\u00e0.<\/p>\n<p>Valuta le tue conoscenze da 1 a 10 su una moltitudine di argomenti, dai pi\u00f9 classici ai pi\u00f9 improbabili, e sii il primo a percorrere l&#039;intera scacchiera.<\/p>\n<p>Il principio \u00e8 semplice: scegli un livello tra 1 (facile) e 10 (esperto) sull&#039;argomento dato. Pi\u00f9 alto \u00e8 il numero, pi\u00f9 difficile \u00e8 la domanda. Se rispondi correttamente, avanzi di un numero di caselle pari al tuo punteggio. Facile? Prova il livello 8 sui topinambur.<\/p>\n<p>\u00c8 divertente, accessibile e crea dipendenza!<\/p>\n<p>Quindi, quanto ti consideri Aladdin? Animali immaginari? Stuzzicadenti?<\/p>","protected":false},"excerpt":{"rendered":"<div id=\"product-description-short-154\">\n<p>La versione polacca del nostro gioco da tavolo di successo!<\/p>\n<\/div>","protected":false},"featured_media":2740,"comment_status":"closed","ping_status":"closed","template":"","meta":{"_acf_changed":false},"product_brand":[],"product_cat":[34],"product_tag":[],"class_list":{"0":"post-2739","1":"product","2":"type-product","3":"status-publish","4":"has-post-thumbnail","6":"product_cat-ttmc-a-linternational","8":"first","9":"instock","10":"taxable","11":"shipping-taxable","12":"product-type-external"},"acf":[],"_links":{"self":[{"href":"https:\/\/dev.tutemetscombien.fr\/it\/wp-json\/wp\/v2\/product\/2739","targetHints":{"allow":["GET"]}}],"collection":[{"href":"https:\/\/dev.tutemetscombien.fr\/it\/wp-json\/wp\/v2\/product"}],"about":[{"href":"https:\/\/dev.tutemetscombien.fr\/it\/wp-json\/wp\/v2\/types\/product"}],"replies":[{"embeddable":true,"href":"https:\/\/dev.tutemetscombien.fr\/it\/wp-json\/wp\/v2\/comments?post=2739"}],"wp:featuredmedia":[{"embeddable":true,"href":"https:\/\/dev.tutemetscombien.fr\/it\/wp-json\/wp\/v2\/media\/2740"}],"wp:attachment":[{"href":"https:\/\/dev.tutemetscombien.fr\/it\/wp-json\/wp\/v2\/media?parent=2739"}],"wp:term":[{"taxonomy":"product_brand","embeddable":true,"href":"https:\/\/dev.tutemetscombien.fr\/it\/wp-json\/wp\/v2\/product_brand?post=2739"},{"taxonomy":"product_cat","embeddable":true,"href":"https:\/\/dev.tutemetscombien.fr\/it\/wp-json\/wp\/v2\/product_cat?post=2739"},{"taxonomy":"product_tag","embeddable":true,"href":"https:\/\/dev.tutemetscombien.fr\/it\/wp-json\/wp\/v2\/product_tag?post=2739"}],"curies":[{"name":"parola chiave","href":"https:\/\/api.w.org\/{rel}","templated":true}]}}