{"id":3583,"date":"2026-02-25T12:00:33","date_gmt":"2026-02-25T11:00:33","guid":{"rendered":"https:\/\/dev.tutemetscombien.fr\/?post_type=product&#038;p=3583"},"modified":"2026-02-23T11:08:12","modified_gmt":"2026-02-23T10:08:12","slug":"ttmc-scienza-infusa-con-la-scienza-vista","status":"publish","type":"product","link":"https:\/\/dev.tutemetscombien.fr\/it\/jeu-de-societe\/ttmc-science-infuse-avec-science-vie\/","title":{"rendered":"TTMC \u2013 Scienza infusa con Scienza e Vie"},"content":{"rendered":"<p>Una variante vivente di <em>TTMC \u2013 Tu Te Mets Combien ?<\/em>, Questa edizione speciale ti offre 162 carte e oltre 1.200 domande sulla scienza.<\/p>\n<p>La formula rimane la stessa: valuti le tue conoscenze sull&#039;argomento da 1 (facile) a 10 (esperto). Pi\u00f9 alto \u00e8 il punteggio, pi\u00f9 difficile \u00e8 la domanda. Una risposta corretta? Avanzi di un numero di caselle pari al tuo punteggio.<\/p>\n<p>Accessibile sia ai geni della scienza che a coloro che hanno saltato le lezioni di biologia.<\/p>\n<p>In collaborazione con Science &amp; Vie.<\/p>","protected":false},"excerpt":{"rendered":"<div id=\"product-description-short-2134\">\n<p>Come ti valuteresti come alieno? In transito? In Jurassic Park?<br \/>\nUn laboratorio di domande, con Science &amp; Vie!<\/p>\n<\/div>","protected":false},"featured_media":3585,"comment_status":"closed","ping_status":"closed","template":"","meta":{"_acf_changed":false},"product_brand":[],"product_cat":[37],"product_tag":[],"class_list":{"0":"post-3583","1":"product","2":"type-product","3":"status-publish","4":"has-post-thumbnail","6":"product_cat-ttmc-france","8":"first","9":"instock","10":"taxable","11":"shipping-taxable","12":"purchasable","13":"product-type-simple"},"acf":[],"_links":{"self":[{"href":"https:\/\/dev.tutemetscombien.fr\/it\/wp-json\/wp\/v2\/product\/3583","targetHints":{"allow":["GET"]}}],"collection":[{"href":"https:\/\/dev.tutemetscombien.fr\/it\/wp-json\/wp\/v2\/product"}],"about":[{"href":"https:\/\/dev.tutemetscombien.fr\/it\/wp-json\/wp\/v2\/types\/product"}],"replies":[{"embeddable":true,"href":"https:\/\/dev.tutemetscombien.fr\/it\/wp-json\/wp\/v2\/comments?post=3583"}],"wp:featuredmedia":[{"embeddable":true,"href":"https:\/\/dev.tutemetscombien.fr\/it\/wp-json\/wp\/v2\/media\/3585"}],"wp:attachment":[{"href":"https:\/\/dev.tutemetscombien.fr\/it\/wp-json\/wp\/v2\/media?parent=3583"}],"wp:term":[{"taxonomy":"product_brand","embeddable":true,"href":"https:\/\/dev.tutemetscombien.fr\/it\/wp-json\/wp\/v2\/product_brand?post=3583"},{"taxonomy":"product_cat","embeddable":true,"href":"https:\/\/dev.tutemetscombien.fr\/it\/wp-json\/wp\/v2\/product_cat?post=3583"},{"taxonomy":"product_tag","embeddable":true,"href":"https:\/\/dev.tutemetscombien.fr\/it\/wp-json\/wp\/v2\/product_tag?post=3583"}],"curies":[{"name":"parola chiave","href":"https:\/\/api.w.org\/{rel}","templated":true}]}}