{"id":958,"date":"2025-06-12T09:39:55","date_gmt":"2025-06-12T07:39:55","guid":{"rendered":"https:\/\/dev.tutemetscombien.fr\/?page_id=958"},"modified":"2025-07-03T13:54:50","modified_gmt":"2025-07-03T11:54:50","slug":"informacje-prawne","status":"publish","type":"page","link":"https:\/\/dev.tutemetscombien.fr\/pl\/mentions-legales\/","title":{"rendered":"Informacje prawne"},"content":{"rendered":"<div data-elementor-type=\"wp-page\" data-elementor-id=\"958\" class=\"elementor elementor-958\" data-elementor-post-type=\"page\">\n\t\t\t\t<div class=\"elementor-element elementor-element-4eefeba e-con-full e-flex e-con e-parent\" data-id=\"4eefeba\" data-element_type=\"container\" data-e-type=\"container\" data-settings=\"{&quot;background_background&quot;:&quot;classic&quot;}\">\n\t\t<div class=\"elementor-element elementor-element-6328355 e-flex e-con-boxed e-con e-child\" data-id=\"6328355\" data-element_type=\"container\" data-e-type=\"container\" data-settings=\"{&quot;background_background&quot;:&quot;classic&quot;}\">\n\t\t\t\t\t<div class=\"e-con-inner\">\n\t\t\t\t<div class=\"elementor-element elementor-element-974f98e elementor-widget elementor-widget-theme-post-title elementor-page-title elementor-widget-heading\" data-id=\"974f98e\" data-element_type=\"widget\" data-e-type=\"widget\" data-widget_type=\"theme-post-title.default\">\n\t\t\t\t<div class=\"elementor-widget-container\">\n\t\t\t\t\t<h1 class=\"elementor-heading-title elementor-size-default\">Informacje prawne<\/h1>\t\t\t\t<\/div>\n\t\t\t\t<\/div>\n\t\t\t\t\t<\/div>\n\t\t\t\t<\/div>\n\t\t\t\t<\/div>\n\t\t<div class=\"elementor-element elementor-element-79a1933 e-flex e-con-boxed e-con e-parent\" data-id=\"79a1933\" data-element_type=\"container\" data-e-type=\"container\">\n\t\t\t\t\t<div class=\"e-con-inner\">\n\t\t\t\t<div class=\"elementor-element elementor-element-3c6db99 elementor-widget elementor-widget-text-editor\" data-id=\"3c6db99\" data-element_type=\"widget\" data-e-type=\"widget\" data-widget_type=\"text-editor.default\">\n\t\t\t\t<div class=\"elementor-widget-container\">\n\t\t\t\t\t\t\t\t\t<p>Zgodnie z artyku\u0142em 6 ustawy nr 2004-575 z dnia 21 czerwca 2004 r. o zaufaniu do gospodarki cyfrowej, u\u017cytkownicy witryny http:\/\/dev.tutemetscombien.fr s\u0105 informowani o r\u00f3\u017cnych podmiotach zaanga\u017cowanych w jej tworzenie i monitorowanie:<\/p>\n<p>\u200d<br>W\u0142a\u015bciciel: LES EDITIONS DE BASE, SAS z kapita\u0142em zak\u0142adowym 4000 euro<br>SIRET = 82190894400035<\/p>\n<p>Numer VAT INTRA = FR36821908944<\/p>\n<p>Adres siedziby g\u0142\u00f3wnej: 13, rue Diderot 94300 Vincennes<\/p>\n<p>E-mail: contact@tutemetscombien.fr<\/p>\n<p>Strona internetowa: http:\/\/dev.tutemetscombien.fr<\/p>\n<p>\u200d<\/p>\n<p><strong>Gospodarz<\/strong>&nbsp;: OVH, 2 rue Kellermann BP 80157 59053 ROUBAIX CEDEX 1 \u2013 Francja, SAS z kapita\u0142em w wysoko\u015bci 10\u00a0059\u00a0500 \u20ac \u2013 RCS LILLE METROPOLE 424\u00a0761\u00a0419 00045 \u2013 Kod APE 2620Z \u2013 Numer VAT FR FR22424761419<br>Strona internetowa: https:\/\/www.ovh.com\/fr<br>Strona internetowa: http:\/\/www.cam-and-com.fr\/<\/p>\n<p>\u200d<\/p>\n<p>Ta strona internetowa (dev.tutemetscombien.fr) jest dost\u0119pna w r\u00f3\u017cnych j\u0119zykach (HTML, HTML5, Javascript, CSS itp.). Aby zapewni\u0107 sobie komfort przegl\u0105dania, zalecamy korzystanie z przegl\u0105darek takich jak Internet Explorer, Google Chrome, Safari i Firefox.<br>LES EDITIONS DE BASE dok\u0142ada wszelkich stara\u0144, aby zapewni\u0107 rzetelno\u015b\u0107 informacji i aktualizacje na swojej stronie internetowej. Mog\u0105 jednak wyst\u0105pi\u0107 b\u0142\u0119dy lub nie\u015bcis\u0142o\u015bci. U\u017cytkownicy s\u0105 zobowi\u0105zani do zapewnienia dok\u0142adno\u015bci informacji w LES EDITIONS DE BASE i powiadomienia o wszelkich niezb\u0119dnych zmianach drog\u0105 mailow\u0105 na adres contact@tutemetscombien.fr. LES EDITIONS DE BASE nie ponosi w \u017cadnym wypadku odpowiedzialno\u015bci za spos\u00f3b wykorzystania tych informacji ani za jakiekolwiek bezpo\u015brednie lub po\u015brednie szkody, kt\u00f3re mog\u0105 z tego wynikn\u0105\u0107.<\/p>\n<p>\u200d<\/p>\n<p>Strona internetowa dev.tutemetscombien.fr mo\u017ce prosi\u0107 odwiedzaj\u0105cych o akceptacj\u0119 plik\u00f3w cookie w celach statystycznych i wy\u015bwietlania. Plik cookie to informacja umieszczana na dysku twardym przez serwer odwiedzanej witryny. Zawiera ona kilka fragment\u00f3w danych, kt\u00f3re s\u0105 przechowywane na komputerze w prostym pliku tekstowym, do kt\u00f3rego serwer uzyskuje dost\u0119p w celu odczytu i zapisu informacji. Niekt\u00f3re cz\u0119\u015bci tej witryny mog\u0105 nie dzia\u0142a\u0107 bez akceptacji plik\u00f3w cookie.<br>Niniejsza strona internetowa mo\u017ce zawiera\u0107 linki do stron internetowych os\u00f3b trzecich, niezale\u017cnie od tego, czy s\u0105 one partnerami, czy nie. LES EDITIONS DE BASE nie ma mo\u017cliwo\u015bci kontrolowania stron internetowych, do kt\u00f3rych prowadz\u0105 linki z jej stron internetowych, i nie ponosi odpowiedzialno\u015bci za dost\u0119pno\u015b\u0107 tych stron ani \u017ar\u00f3de\u0142 zewn\u0119trznych, a tak\u017ce nie ponosi odpowiedzialno\u015bci za jakiekolwiek szkody z nich wynikaj\u0105ce. Ryzyko zwi\u0105zane z korzystaniem z tych stron le\u017cy wy\u0142\u0105cznie po stronie u\u017cytkownika Internetu, kt\u00f3ry musi przestrzega\u0107 warunk\u00f3w korzystania.<\/p>\n<p>\u200d<br>\u017badna osoba fizyczna ani prawna nie mo\u017ce utworzy\u0107 hiper\u0142\u0105cza do tej witryny bez wyra\u017anej uprzedniej zgody LES EDITIONS DE BASE. W przypadku, gdy u\u017cytkownik lub odwiedzaj\u0105cy chce utworzy\u0107 hiper\u0142\u0105cze do jednej ze stron internetowych LES EDITIONS DE BASE, powinien bez wahania wys\u0142a\u0107 wiadomo\u015b\u0107 e-mail z pro\u015bb\u0105; LES EDITIONS DE BASE zastrzega sobie prawo do akceptacji lub odmowy bez konieczno\u015bci uzasadniania swojej decyzji.<br>Wszelkie pobieranie tre\u015bci odbywa si\u0119 na w\u0142asne ryzyko i na wy\u0142\u0105czn\u0105 odpowiedzialno\u015b\u0107 odwiedzaj\u0105cego witryn\u0119. W zwi\u0105zku z tym nie ponosimy odpowiedzialno\u015bci za jakiekolwiek uszkodzenia komputera odwiedzaj\u0105cego witryn\u0119 lub utrat\u0119 danych w wyniku pobierania. Ca\u0142a zawarto\u015b\u0107 witryny dev.tutemetscombien.fr, w tym mi\u0119dzy innymi grafika, obrazy, tekst, filmy, animacje, d\u017awi\u0119ki, logo, pliki gif i ikony, a tak\u017ce ich formatowanie, stanowi\u0105 wy\u0142\u0105czn\u0105 w\u0142asno\u015b\u0107 firmy, z wyj\u0105tkiem znak\u00f3w towarowych, logo lub tre\u015bci nale\u017c\u0105cych do innych firm partnerskich lub autor\u00f3w. Jakiekolwiek powielanie, dystrybucja, modyfikacja, adaptacja, retransmisja lub publikacja, nawet cz\u0119\u015bciowa, tych r\u00f3\u017cnych element\u00f3w jest surowo zabroniona bez zgody LES EDITIONS DE BASE. Taka prezentacja lub powielanie, w jakikolwiek spos\u00f3b, stanowi naruszenie podlegaj\u0105ce karze zgodnie z artyku\u0142ami L.335-2 i nast. Kodeksu W\u0142asno\u015bci Intelektualnej. Nieprzestrzeganie tego zakazu stanowi naruszenie, kt\u00f3re mo\u017ce skutkowa\u0107 odpowiedzialno\u015bci\u0105 cywiln\u0105 i karn\u0105 naruszyciela. Ponadto w\u0142a\u015bciciele skopiowanych tre\u015bci mog\u0105 podj\u0105\u0107 kroki prawne przeciwko Tobie.<\/p>\n<p>\u200d<\/p>\n<p>Informacje zebrane z tej witryny podlegaj\u0105 przetwarzaniu komputerowemu przeznaczonemu do:<strong>&nbsp;SAS BASIC EDITIONS<\/strong><br>\u200d<\/p>\n<p>W nast\u0119puj\u0105cym celu:&nbsp;<strong>UMO\u017bLIWIA DOSTAW\u0118 PUDE\u0141EK Z GR\u0104<\/strong><br>Odbiorcami danych s\u0105:<strong>&nbsp;DZIA\u0141 SPRZEDA\u017bY<\/strong><\/p>\n<p>\u200d<\/p>\n<p>Zgodnie z ustaw\u0105 78-17 z dnia 6 stycznia 1978 r. (zmienion\u0105 ustaw\u0105 2004-801 z dnia 6 sierpnia 2004 r. o ochronie os\u00f3b fizycznych w zakresie przetwarzania danych osobowych) dotycz\u0105c\u0105 technologii informatycznych, plik\u00f3w i wolno\u015bci, osoba odwiedzaj\u0105ca witryn\u0119 ma prawo do dost\u0119pu, zmiany, sprostowania i usuni\u0119cia danych go dotycz\u0105cych.<\/p>\n<p>Dost\u0119p do informacji o Tobie mo\u017cesz uzyska\u0107 kontaktuj\u0105c si\u0119 z:&nbsp;<strong>SAS LES EDITIONS DE BASE, contact@tutemetscombien.fr<\/strong><br>Mo\u017cesz r\u00f3wnie\u017c, z uzasadnionych powod\u00f3w, sprzeciwi\u0107 si\u0119 przetwarzaniu danych, kt\u00f3re Ci\u0119 dotycz\u0105. Aby dowiedzie\u0107 si\u0119 wi\u0119cej,&nbsp;<a href=\"https:\/\/www.cnil.fr\/fr\/comprendre-vos-droits\">sprawd\u017a swoje prawa na stronie internetowej CNIL.<\/a><br>Strona ta zosta\u0142a zg\u0142oszona do Krajowej Komisji ds. Technologii Informacyjnych i Swob\u00f3d Obywatelskich (www.cnil.fr).<\/p>\n<p>\u200d<br>Niniejsze warunki korzystania ze strony internetowej dev.tutemetscombien.fr podlegaj\u0105 prawu francuskiemu, a wszelkie spory lub post\u0119powania s\u0105dowe wynikaj\u0105ce z interpretacji lub wykonania niniejszych warunk\u00f3w b\u0119d\u0105 podlega\u0107 wy\u0142\u0105cznej jurysdykcji s\u0105d\u00f3w w\u0142a\u015bciwych dla siedziby firmy. J\u0119zykiem w\u0142a\u015bciwym dla rozstrzygania wszelkich spor\u00f3w jest j\u0119zyk francuski. Nie masz obowi\u0105zku podawania nam swoich danych osobowych podczas odwiedzania naszej strony internetowej dev.tutemetscombien.fr. Zasada ta ma jednak pewne wyj\u0105tki. W przypadku niekt\u00f3rych us\u0142ug oferowanych przez nasz\u0105 stron\u0119 internetow\u0105, podanie pewnych danych (nazwiska, imienia, adresu, adresu e-mail, numeru telefonu) mo\u017ce by\u0107 wymagane. Ma to miejsce, gdy wype\u0142niasz formularz dost\u0119pny online w sekcji \u201eKontakt\u201d. W ka\u017cdym przypadku mo\u017cesz odm\u00f3wi\u0107 podania swoich danych osobowych. W takim przypadku nie b\u0119dziesz m\u00f3g\u0142 korzysta\u0107 z us\u0142ug strony, w szczeg\u00f3lno\u015bci z mo\u017cliwo\u015bci uzyskania informacji o naszej firmie lub otrzymywania newsletter\u00f3w. Wreszcie, mo\u017cemy automatycznie gromadzi\u0107 pewne informacje o Tobie, gdy po prostu przegl\u0105dasz nasz\u0105 stron\u0119 internetow\u0105, w tym: informacje o korzystaniu z naszej strony, takie jak obszary, kt\u00f3re odwiedzasz i us\u0142ugi, z kt\u00f3rych korzystasz, Tw\u00f3j adres IP, typ przegl\u0105darki i czas dost\u0119pu. Informacje te s\u0105 wykorzystywane wy\u0142\u0105cznie do wewn\u0119trznych cel\u00f3w statystycznych, w celu poprawy jako\u015bci oferowanych Ci us\u0142ug. Bazy danych s\u0105 chronione przepisami ustawy z dnia 1 lipca 1998 r., transponuj\u0105cej dyrektyw\u0119 96\/9 z dnia 11 marca 1996 r. w sprawie ochrony prawnej baz danych.<\/p>\n<p>W ramach tworzenia aplikacji cyfrowej opartej na grze \u201eTTMC \u2013 Ile wk\u0142adasz?\u201d firma LES EDITIONS DE BASE zbiera nast\u0119puj\u0105ce dane osobowe na Tw\u00f3j temat: nazwa u\u017cytkownika, adres e-mail, wiek, p\u0142e\u0107, miasto i numer telefonu.<br>Cz\u0119\u015b\u0107 danych zbierana jest w celu ich anonimizacji i wykorzystania w celach statystycznych (oceny, statystyki dotycz\u0105ce korzystania z aplikacji).<\/p>\n<p>Dane osobowe dotycz\u0105ce Ciebie s\u0105 przetwarzane przez firm\u0119 LES EDITIONS DE BASE w celu umo\u017cliwienia Ci otrzymywania wiadomo\u015bci e-mail i powiadomie\u0144 od firmy LES EDITIONS DE BASE. Dane te s\u0105 r\u00f3wnie\u017c wykorzystywane w ramach Twojej rejestracji w rankingu krajowym, umo\u017cliwiaj\u0105c Ci udzia\u0142 w losowaniu co 2 tygodnie, zgodnie z og\u00f3lnymi warunkami korzystania z aplikacji.<\/p>\n<p>W dowolnym momencie korzystania z aplikacji, je\u015bli nie chcesz ju\u017c otrzymywa\u0107 informacji handlowych od LES EDITIONS DE BASE, mo\u017cesz cofn\u0105\u0107 swoj\u0105 zgod\u0119, rezygnuj\u0105c z subskrypcji. W takim przypadku LES EDITIONS DE BASE zaprzestanie przetwarzania Twoich danych osobowych natychmiast po rezygnacji z subskrypcji. W ka\u017cdym przypadku dane osobowe b\u0119d\u0105 przechowywane przez ca\u0142y okres korzystania z aplikacji, a tak\u017ce przez dodatkowy okres 13 miesi\u0119cy od momentu otrzymania powiadomienia o nieaktywno\u015bci konta i zaproszeniu do powrotu do aplikacji.<\/p>\n<p>Mog\u0105 by\u0107 one przekazywane zewn\u0119trznym dostawcom us\u0142ug w celu \u015bwiadczenia us\u0142ug hostingu, przechowywania danych, komunikacji, zarz\u0105dzania bazami danych lub konserwacji IT. Je\u015bli dostawcy ci maj\u0105 siedzib\u0119 poza Uni\u0105 Europejsk\u0105, administrator danych zobowi\u0105zuje si\u0119 do podj\u0119cia wszelkich \u015brodk\u00f3w wymaganych przez obowi\u0105zuj\u0105ce przepisy w celu zapewnienia ochrony Pa\u0144stwa danych osobowych.<\/p>\n<p>W granicach obowi\u0105zuj\u0105cych przepis\u00f3w o ochronie danych osobowych przys\u0142uguje Ci prawo dost\u0119pu, sprostowania, przenoszenia i usuni\u0119cia danych osobowych Ci\u0119 dotycz\u0105cych oraz prawo do ograniczenia przetwarzania. Masz r\u00f3wnie\u017c prawo do wys\u0142ania specjalnych instrukcji dotycz\u0105cych losu Twoich danych po Twojej \u015bmierci.<\/p>\n<p>Aby skorzysta\u0107 z tych praw, mo\u017cesz wys\u0142a\u0107 \u017c\u0105danie na adres contact@tutemetscombien.fr.<\/p>\n<p>Je\u017celi po tym kontakcie uznasz, \u017ce Twoje prawa do tych danych nie zosta\u0142y uszanowane, mo\u017cesz z\u0142o\u017cy\u0107 skarg\u0119 do lokalnego organu regulacyjnego.<\/p>\n<p>Niniejsze informacje prawne zosta\u0142y zainspirowane modelem wygenerowanym przez witryn\u0119 http:\/\/www.generateur-de-mentions-legales.com, oferowan\u0105 przez http:\/\/welye.com.<\/p>\n<p>Ostatnia aktualizacja: 08.11.2023<\/p>\t\t\t\t\t\t\t\t<\/div>\n\t\t\t\t<\/div>\n\t\t\t\t\t<\/div>\n\t\t\t\t<\/div>\n\t\t<div class=\"elementor-element elementor-element-f3d620b e-flex e-con-boxed e-con e-child\" data-id=\"f3d620b\" data-element_type=\"container\" data-e-type=\"container\">\n\t\t\t\t\t<div class=\"e-con-inner\">\n\t\t<div class=\"elementor-element elementor-element-53cfc12 e-con-full e-flex e-con e-child\" data-id=\"53cfc12\" data-element_type=\"container\" data-e-type=\"container\">\n\t\t\t\t<div class=\"elementor-element elementor-element-a06ffe0 elementor-widget__width-initial elementor-widget-mobile__width-initial elementor-widget elementor-widget-text-editor\" data-id=\"a06ffe0\" data-element_type=\"widget\" data-e-type=\"widget\" data-widget_type=\"text-editor.default\">\n\t\t\t\t<div class=\"elementor-widget-container\">\n\t\t\t\t\t\t\t\t\t<p>\u00a9 2025<\/p>\t\t\t\t\t\t\t\t<\/div>\n\t\t\t\t<\/div>\n\t\t\t\t<div class=\"elementor-element elementor-element-f569820 elementor-widget__width-initial elementor-widget-mobile__width-initial elementor-widget elementor-widget-button\" data-id=\"f569820\" data-element_type=\"widget\" data-e-type=\"widget\" data-widget_type=\"button.default\">\n\t\t\t\t<div class=\"elementor-widget-container\">\n\t\t\t\t\t\t\t\t\t<div class=\"elementor-button-wrapper\">\n\t\t\t\t\t<a class=\"elementor-button elementor-button-link elementor-size-sm\" href=\"\/pl\/informacje-prawne\/\">\n\t\t\t\t\t\t<span class=\"elementor-button-content-wrapper\">\n\t\t\t\t\t\t\t\t\t<span class=\"elementor-button-text\">Informacje prawne<\/span>\n\t\t\t\t\t<\/span>\n\t\t\t\t\t<\/a>\n\t\t\t\t<\/div>\n\t\t\t\t\t\t\t\t<\/div>\n\t\t\t\t<\/div>\n\t\t\t\t<div class=\"elementor-element elementor-element-e26c016 elementor-widget__width-initial elementor-widget-mobile__width-initial elementor-widget elementor-widget-button\" data-id=\"e26c016\" data-element_type=\"widget\" data-e-type=\"widget\" data-widget_type=\"button.default\">\n\t\t\t\t<div class=\"elementor-widget-container\">\n\t\t\t\t\t\t\t\t\t<div class=\"elementor-button-wrapper\">\n\t\t\t\t\t<a class=\"elementor-button elementor-button-link elementor-size-sm\" href=\"\/pl\/polityka-prywatnosci\/\">\n\t\t\t\t\t\t<span class=\"elementor-button-content-wrapper\">\n\t\t\t\t\t\t\t\t\t<span class=\"elementor-button-text\">Polityka prywatno\u015bci<\/span>\n\t\t\t\t\t<\/span>\n\t\t\t\t\t<\/a>\n\t\t\t\t<\/div>\n\t\t\t\t\t\t\t\t<\/div>\n\t\t\t\t<\/div>\n\t\t\t\t<div class=\"elementor-element elementor-element-cc8f2db elementor-widget__width-initial elementor-widget-mobile__width-initial elementor-widget elementor-widget-button\" data-id=\"cc8f2db\" data-element_type=\"widget\" data-e-type=\"widget\" data-widget_type=\"button.default\">\n\t\t\t\t<div class=\"elementor-widget-container\">\n\t\t\t\t\t\t\t\t\t<div class=\"elementor-button-wrapper\">\n\t\t\t\t\t<a class=\"elementor-button elementor-button-link elementor-size-sm\" href=\"\/pl\/ogolne-warunki-handlowe\/\">\n\t\t\t\t\t\t<span class=\"elementor-button-content-wrapper\">\n\t\t\t\t\t\t\t\t\t<span class=\"elementor-button-text\">Og\u00f3lne warunki handlowe<\/span>\n\t\t\t\t\t<\/span>\n\t\t\t\t\t<\/a>\n\t\t\t\t<\/div>\n\t\t\t\t\t\t\t\t<\/div>\n\t\t\t\t<\/div>\n\t\t\t\t<\/div>\n\t\t\t\t\t<\/div>\n\t\t\t\t<\/div>\n\t\t\t\t<\/div>","protected":false},"excerpt":{"rendered":"<p>Conform\u00e9ment \u00e0 l\u2019article 6 de la loi n\u00b0 2004-575 du 21 juin 2004 pour la confiance dans &nbsp;l\u2019\u00e9conomie num\u00e9rique, il est pr\u00e9cis\u00e9 aux utilisateurs du site http:\/\/dev.tutemetscombien.fr les diff\u00e9rents intervenants dans le cadre de sa r\u00e9alisation et de son suivi : \u200dPropri\u00e9taire : LES EDITIONS DE BASE, SAS au capital social de 4.000 \u20acSIRET = [&hellip;]<\/p>\n","protected":false},"author":1,"featured_media":0,"parent":0,"menu_order":0,"comment_status":"closed","ping_status":"closed","template":"","meta":{"_acf_changed":false,"footnotes":""},"class_list":["post-958","page","type-page","status-publish","hentry"],"acf":[],"_links":{"self":[{"href":"https:\/\/dev.tutemetscombien.fr\/pl\/wp-json\/wp\/v2\/pages\/958","targetHints":{"allow":["GET"]}}],"collection":[{"href":"https:\/\/dev.tutemetscombien.fr\/pl\/wp-json\/wp\/v2\/pages"}],"about":[{"href":"https:\/\/dev.tutemetscombien.fr\/pl\/wp-json\/wp\/v2\/types\/page"}],"author":[{"embeddable":true,"href":"https:\/\/dev.tutemetscombien.fr\/pl\/wp-json\/wp\/v2\/users\/1"}],"replies":[{"embeddable":true,"href":"https:\/\/dev.tutemetscombien.fr\/pl\/wp-json\/wp\/v2\/comments?post=958"}],"version-history":[{"count":25,"href":"https:\/\/dev.tutemetscombien.fr\/pl\/wp-json\/wp\/v2\/pages\/958\/revisions"}],"predecessor-version":[{"id":1444,"href":"https:\/\/dev.tutemetscombien.fr\/pl\/wp-json\/wp\/v2\/pages\/958\/revisions\/1444"}],"wp:attachment":[{"href":"https:\/\/dev.tutemetscombien.fr\/pl\/wp-json\/wp\/v2\/media?parent=958"}],"curies":[{"name":"wp","href":"https:\/\/api.w.org\/{rel}","templated":true}]}}