{"id":982,"date":"2025-06-12T10:12:19","date_gmt":"2025-06-12T08:12:19","guid":{"rendered":"https:\/\/dev.tutemetscombien.fr\/?page_id=982"},"modified":"2025-06-12T10:18:24","modified_gmt":"2025-06-12T08:18:24","slug":"polityka-prywatnosci","status":"publish","type":"page","link":"https:\/\/dev.tutemetscombien.fr\/pl\/politique-de-confidentialite\/","title":{"rendered":"Polityka prywatno\u015bci"},"content":{"rendered":"<div data-elementor-type=\"wp-page\" data-elementor-id=\"982\" class=\"elementor elementor-982\" data-elementor-post-type=\"page\">\n\t\t\t\t<div class=\"elementor-element elementor-element-4eefeba e-con-full e-flex e-con e-parent\" data-id=\"4eefeba\" data-element_type=\"container\" data-e-type=\"container\" data-settings=\"{&quot;background_background&quot;:&quot;classic&quot;}\">\n\t\t<div class=\"elementor-element elementor-element-6328355 e-flex e-con-boxed e-con e-child\" data-id=\"6328355\" data-element_type=\"container\" data-e-type=\"container\" data-settings=\"{&quot;background_background&quot;:&quot;classic&quot;}\">\n\t\t\t\t\t<div class=\"e-con-inner\">\n\t\t\t\t<div class=\"elementor-element elementor-element-974f98e elementor-widget elementor-widget-theme-post-title elementor-page-title elementor-widget-heading\" data-id=\"974f98e\" data-element_type=\"widget\" data-e-type=\"widget\" data-widget_type=\"theme-post-title.default\">\n\t\t\t\t<div class=\"elementor-widget-container\">\n\t\t\t\t\t<h1 class=\"elementor-heading-title elementor-size-default\">Polityka prywatno\u015bci<\/h1>\t\t\t\t<\/div>\n\t\t\t\t<\/div>\n\t\t\t\t\t<\/div>\n\t\t\t\t<\/div>\n\t\t\t\t<\/div>\n\t\t<div class=\"elementor-element elementor-element-79a1933 e-flex e-con-boxed e-con e-parent\" data-id=\"79a1933\" data-element_type=\"container\" data-e-type=\"container\">\n\t\t\t\t\t<div class=\"e-con-inner\">\n\t\t\t\t<div class=\"elementor-element elementor-element-3c6db99 elementor-widget elementor-widget-text-editor\" data-id=\"3c6db99\" data-element_type=\"widget\" data-e-type=\"widget\" data-widget_type=\"text-editor.default\">\n\t\t\t\t<div class=\"elementor-widget-container\">\n\t\t\t\t\t\t\t\t\t<p>W\u0142a\u015bcicielem witryny tutemetscombien.fr jest Tu te mets combien?, kt\u00f3ry jest administratorem Twoich danych osobowych.<\/p><p>Przyj\u0119li\u015bmy niniejsz\u0105 polityk\u0119 prywatno\u015bci, kt\u00f3ra okre\u015bla spos\u00f3b przetwarzania informacji gromadzonych przez tutemetscombien.fr, a tak\u017ce wyja\u015bnia, dlaczego musimy gromadzi\u0107 okre\u015blone dane osobowe na Tw\u00f3j temat. Dlatego przed korzystaniem ze strony internetowej tutemetscombien.fr nale\u017cy zapozna\u0107 si\u0119 z niniejsz\u0105 polityk\u0105 prywatno\u015bci.<\/p><p>Dbamy o bezpiecze\u0144stwo Twoich danych osobowych i dok\u0142adamy wszelkich stara\u0144, aby zapewni\u0107 ich poufno\u015b\u0107 i bezpiecze\u0144stwo.<\/p><p><strong>Gromadzone przez nas dane osobowe:<\/strong><br \/>Podczas odwiedzania strony tutemetscombien.fr automatycznie gromadzimy pewne informacje o Twoim urz\u0105dzeniu, w tym informacje o Twojej przegl\u0105darce internetowej, adresie IP, strefie czasowej oraz niekt\u00f3rych plikach cookie zainstalowanych na Twoim urz\u0105dzeniu. Dodatkowo, podczas przegl\u0105dania Witryny, gromadzimy informacje o poszczeg\u00f3lnych stronach internetowych lub produktach, kt\u00f3re przegl\u0105dasz, o tym, jakie witryny lub has\u0142a wyszukiwania skierowa\u0142y Ci\u0119 do Witryny, a tak\u017ce o tym, jak wchodzisz w interakcj\u0119 z Witryn\u0105. Te automatycznie gromadzone informacje nazywamy \u201eInformacjami o urz\u0105dzeniu\u201d. Ponadto mo\u017cemy gromadzi\u0107 dane osobowe, kt\u00f3re nam przekazujesz (w tym mi\u0119dzy innymi imi\u0119 i nazwisko, adres, dane dotycz\u0105ce p\u0142atno\u015bci itp.) podczas rejestracji w celu realizacji umowy.<\/p><p><strong>Dlaczego przetwarzamy Twoje dane?<\/strong><br \/>Naszym najwy\u017cszym priorytetem jest bezpiecze\u0144stwo danych klient\u00f3w, dlatego przetwarzamy jedynie minimalne dane u\u017cytkownik\u00f3w, w zakresie absolutnie niezb\u0119dnym do utrzymania strony internetowej. Automatycznie gromadzone informacje s\u0142u\u017c\u0105 wy\u0142\u0105cznie do identyfikacji potencjalnych nadu\u017cy\u0107 i tworzenia statystyk dotycz\u0105cych korzystania ze strony internetowej. Te dane statystyczne nie s\u0105 w \u017caden inny spos\u00f3b agregowane w spos\u00f3b umo\u017cliwiaj\u0105cy identyfikacj\u0119 konkretnego u\u017cytkownika systemu.<\/p><p>Mo\u017cesz odwiedza\u0107 Stron\u0119 Internetow\u0105 bez ujawniania nam swojej to\u017csamo\u015bci ani informacji, kt\u00f3re mog\u0142yby Ci\u0119 zidentyfikowa\u0107 jako konkretn\u0105, mo\u017cliw\u0105 do zidentyfikowania osob\u0119. Je\u015bli jednak chcesz korzysta\u0107 z niekt\u00f3rych funkcji Strony Internetowej, otrzymywa\u0107 nasz newsletter lub poda\u0107 inne dane, wype\u0142niaj\u0105c formularz, mo\u017cesz przekaza\u0107 nam swoje dane osobowe, takie jak adres e-mail, imi\u0119, nazwisko, miasto zamieszkania, nazw\u0119 organizacji i numer telefonu. Mo\u017cesz nie podawa\u0107 nam swoich danych osobowych, ale w\u00f3wczas mo\u017cesz nie m\u00f3c korzysta\u0107 z niekt\u00f3rych funkcji Strony Internetowej. Na przyk\u0142ad nie b\u0119dziesz m\u00f3g\u0142 otrzymywa\u0107 naszego newslettera ani kontaktowa\u0107 si\u0119 z nami bezpo\u015brednio ze Strony Internetowej. U\u017cytkownicy, kt\u00f3rzy nie s\u0105 pewni, jakie informacje s\u0105 obowi\u0105zkowe, mog\u0105 skontaktowa\u0107 si\u0119 z nami pod adresem contact@tutemetscombien.fr.<\/p><p><strong>Twoje prawa:<\/strong><br \/>Je\u017celi jeste\u015b obywatelem europejskim, przys\u0142uguj\u0105 Ci nast\u0119puj\u0105ce prawa zwi\u0105zane z Twoimi danymi osobowymi:<\/p><p>Prawo do bycia informowanym.<br \/>Prawo dost\u0119pu.<br \/>Prawo do sprostowania.<br \/>Prawo do usuni\u0119cia.<br \/>Prawo do ograniczenia przetwarzania.<br \/>Prawo do przenoszenia danych.<br \/>Prawo do sprzeciwu.<br \/>Prawa dotycz\u0105ce zautomatyzowanego podejmowania decyzji i profilowania.<br \/>Je\u017celi chcesz skorzysta\u0107 z tego prawa, skontaktuj si\u0119 z nami, korzystaj\u0105c z danych kontaktowych podanych poni\u017cej.<\/p><p>Ponadto, je\u015bli jeste\u015b mieszka\u0144cem Europy, informujemy, \u017ce przetwarzamy Twoje dane w celu realizacji um\u00f3w, kt\u00f3re mo\u017cemy z Tob\u0105 zawrze\u0107 (na przyk\u0142ad, je\u015bli z\u0142o\u017cysz zam\u00f3wienie za po\u015brednictwem Witryny) lub w inny spos\u00f3b w celu realizacji naszych uzasadnionych interes\u00f3w biznesowych wymienionych powy\u017cej. Informujemy r\u00f3wnie\u017c, \u017ce Twoje dane mog\u0105 by\u0107 przekazywane poza Europ\u0119, w tym do Kanady i Stan\u00f3w Zjednoczonych.<\/p><p><strong>Linki do innych stron internetowych:<\/strong><br \/>Nasza strona internetowa mo\u017ce zawiera\u0107 linki do innych stron internetowych, kt\u00f3re nie s\u0105 nasz\u0105 w\u0142asno\u015bci\u0105 ani nie s\u0105 przez nas kontrolowane. Prosimy pami\u0119ta\u0107, \u017ce nie ponosimy odpowiedzialno\u015bci za te inne strony internetowe ani za polityk\u0119 prywatno\u015bci os\u00f3b trzecich. Zach\u0119camy do zachowania ostro\u017cno\u015bci po opuszczeniu naszej strony internetowej i zapoznania si\u0119 z o\u015bwiadczeniami o ochronie prywatno\u015bci ka\u017cdej strony internetowej, kt\u00f3ra mo\u017ce gromadzi\u0107 dane osobowe.<\/p><p><strong>Bezpiecze\u0144stwo informacji:<\/strong><br \/>Zabezpieczamy dostarczone przez Ciebie informacje na serwerach komputerowych w kontrolowanym, bezpiecznym \u015brodowisku, chroni\u0105c je przed nieautoryzowanym dost\u0119pem, wykorzystaniem lub ujawnieniem. Stosujemy rozs\u0105dne zabezpieczenia administracyjne, techniczne i fizyczne, aby chroni\u0107 dane osobowe znajduj\u0105ce si\u0119 pod nasz\u0105 kontrol\u0105 i piecz\u0105 przed nieautoryzowanym dost\u0119pem, wykorzystaniem, modyfikacj\u0105 i ujawnieniem. Nie mo\u017cemy jednak zagwarantowa\u0107 transmisji danych przez Internet ani \u017cadn\u0105 sie\u0107 bezprzewodow\u0105.<\/p><p><strong>Informacje prawne:<\/strong><br \/>Ujawnimy wszelkie informacje, kt\u00f3re zbieramy, wykorzystujemy lub otrzymujemy, je\u015bli b\u0119dzie to wymagane lub dozwolone przez prawo, np. w celu dostosowania si\u0119 do wezwania s\u0105dowego lub podobnego post\u0119powania prawnego, a tak\u017ce gdy w dobrej wierze uznamy, \u017ce ujawnienie jest konieczne w celu ochrony naszych praw, Twojego bezpiecze\u0144stwa lub bezpiecze\u0144stwa innych os\u00f3b, zbadania oszustwa lub odpowiedzi na \u017c\u0105danie organ\u00f3w rz\u0105dowych.<\/p><p><strong>Dane kontaktowe:<\/strong><br \/>Je\u015bli chcesz si\u0119 z nami skontaktowa\u0107 w celu lepszego zrozumienia niniejszej polityki lub je\u015bli chcesz si\u0119 z nami skontaktowa\u0107 w jakiejkolwiek sprawie zwi\u0105zanej z prawami jednostki lub Twoimi danymi osobowymi, mo\u017cesz wys\u0142a\u0107 wiadomo\u015b\u0107 e-mail na adres contact@tutemetscombien.fr.<\/p>\t\t\t\t\t\t\t\t<\/div>\n\t\t\t\t<\/div>\n\t\t\t\t\t<\/div>\n\t\t\t\t<\/div>\n\t\t<div class=\"elementor-element elementor-element-f3d620b e-flex e-con-boxed e-con e-child\" data-id=\"f3d620b\" data-element_type=\"container\" data-e-type=\"container\">\n\t\t\t\t\t<div class=\"e-con-inner\">\n\t\t<div class=\"elementor-element elementor-element-7724ad3 e-con-full e-flex e-con e-child\" data-id=\"7724ad3\" data-element_type=\"container\" data-e-type=\"container\">\n\t\t<div class=\"elementor-element elementor-element-15ace8d e-con-full e-flex e-con e-child\" data-id=\"15ace8d\" data-element_type=\"container\" data-e-type=\"container\">\n\t\t\t\t<div class=\"elementor-element elementor-element-090a06d elementor-widget__width-initial elementor-widget-mobile__width-initial elementor-widget elementor-widget-text-editor\" data-id=\"090a06d\" data-element_type=\"widget\" data-e-type=\"widget\" data-widget_type=\"text-editor.default\">\n\t\t\t\t<div class=\"elementor-widget-container\">\n\t\t\t\t\t\t\t\t\t<p>\u00a9 2025<\/p>\t\t\t\t\t\t\t\t<\/div>\n\t\t\t\t<\/div>\n\t\t\t\t<div class=\"elementor-element elementor-element-34f3245 elementor-widget__width-initial elementor-widget-mobile__width-initial elementor-widget elementor-widget-button\" data-id=\"34f3245\" data-element_type=\"widget\" data-e-type=\"widget\" data-widget_type=\"button.default\">\n\t\t\t\t<div class=\"elementor-widget-container\">\n\t\t\t\t\t\t\t\t\t<div class=\"elementor-button-wrapper\">\n\t\t\t\t\t<a class=\"elementor-button elementor-button-link elementor-size-sm\" href=\"\/pl\/informacje-prawne\/\">\n\t\t\t\t\t\t<span class=\"elementor-button-content-wrapper\">\n\t\t\t\t\t\t\t\t\t<span class=\"elementor-button-text\">Informacje prawne<\/span>\n\t\t\t\t\t<\/span>\n\t\t\t\t\t<\/a>\n\t\t\t\t<\/div>\n\t\t\t\t\t\t\t\t<\/div>\n\t\t\t\t<\/div>\n\t\t\t\t<div class=\"elementor-element elementor-element-be83330 elementor-widget__width-initial elementor-widget-mobile__width-initial elementor-widget elementor-widget-button\" data-id=\"be83330\" data-element_type=\"widget\" data-e-type=\"widget\" data-widget_type=\"button.default\">\n\t\t\t\t<div class=\"elementor-widget-container\">\n\t\t\t\t\t\t\t\t\t<div class=\"elementor-button-wrapper\">\n\t\t\t\t\t<a class=\"elementor-button elementor-button-link elementor-size-sm\" href=\"\/pl\/polityka-prywatnosci\/\">\n\t\t\t\t\t\t<span class=\"elementor-button-content-wrapper\">\n\t\t\t\t\t\t\t\t\t<span class=\"elementor-button-text\">Polityka prywatno\u015bci<\/span>\n\t\t\t\t\t<\/span>\n\t\t\t\t\t<\/a>\n\t\t\t\t<\/div>\n\t\t\t\t\t\t\t\t<\/div>\n\t\t\t\t<\/div>\n\t\t\t\t<div class=\"elementor-element elementor-element-1e906f2 elementor-widget__width-initial elementor-widget-mobile__width-initial elementor-widget elementor-widget-button\" data-id=\"1e906f2\" data-element_type=\"widget\" data-e-type=\"widget\" data-widget_type=\"button.default\">\n\t\t\t\t<div class=\"elementor-widget-container\">\n\t\t\t\t\t\t\t\t\t<div class=\"elementor-button-wrapper\">\n\t\t\t\t\t<a class=\"elementor-button elementor-button-link elementor-size-sm\" href=\"\/pl\/ogolne-warunki-handlowe\/\">\n\t\t\t\t\t\t<span class=\"elementor-button-content-wrapper\">\n\t\t\t\t\t\t\t\t\t<span class=\"elementor-button-text\">Og\u00f3lne warunki handlowe<\/span>\n\t\t\t\t\t<\/span>\n\t\t\t\t\t<\/a>\n\t\t\t\t<\/div>\n\t\t\t\t\t\t\t\t<\/div>\n\t\t\t\t<\/div>\n\t\t\t\t<\/div>\n\t\t\t\t<\/div>\n\t\t\t\t\t<\/div>\n\t\t\t\t<\/div>\n\t\t\t\t<\/div>","protected":false},"excerpt":{"rendered":"<p>Le site web tutemetscombien.fr est d\u00e9tenu par Tu te mets combien ?, qui est un contr\u00f4leur de donn\u00e9es de vos donn\u00e9es personnelles. Nous avons adopt\u00e9 cette politique de confidentialit\u00e9, qui d\u00e9termine la mani\u00e8re dont nous traitons les informations collect\u00e9es par tutemetscombien.fr, qui fournit \u00e9galement les raisons pour lesquelles nous devons collecter certaines donn\u00e9es personnelles vous [&hellip;]<\/p>\n","protected":false},"author":1,"featured_media":0,"parent":0,"menu_order":0,"comment_status":"closed","ping_status":"closed","template":"","meta":{"_acf_changed":false,"footnotes":""},"class_list":["post-982","page","type-page","status-publish","hentry"],"acf":[],"_links":{"self":[{"href":"https:\/\/dev.tutemetscombien.fr\/pl\/wp-json\/wp\/v2\/pages\/982","targetHints":{"allow":["GET"]}}],"collection":[{"href":"https:\/\/dev.tutemetscombien.fr\/pl\/wp-json\/wp\/v2\/pages"}],"about":[{"href":"https:\/\/dev.tutemetscombien.fr\/pl\/wp-json\/wp\/v2\/types\/page"}],"author":[{"embeddable":true,"href":"https:\/\/dev.tutemetscombien.fr\/pl\/wp-json\/wp\/v2\/users\/1"}],"replies":[{"embeddable":true,"href":"https:\/\/dev.tutemetscombien.fr\/pl\/wp-json\/wp\/v2\/comments?post=982"}],"version-history":[{"count":9,"href":"https:\/\/dev.tutemetscombien.fr\/pl\/wp-json\/wp\/v2\/pages\/982\/revisions"}],"predecessor-version":[{"id":1008,"href":"https:\/\/dev.tutemetscombien.fr\/pl\/wp-json\/wp\/v2\/pages\/982\/revisions\/1008"}],"wp:attachment":[{"href":"https:\/\/dev.tutemetscombien.fr\/pl\/wp-json\/wp\/v2\/media?parent=982"}],"curies":[{"name":"wp","href":"https:\/\/api.w.org\/{rel}","templated":true}]}}