{"id":1538,"date":"2025-07-16T11:39:04","date_gmt":"2025-07-16T09:39:04","guid":{"rendered":"https:\/\/dev.tutemetscombien.fr\/?post_type=product&#038;p=1538"},"modified":"2026-02-23T11:17:15","modified_gmt":"2026-02-23T10:17:15","slug":"ttmc-2-po-jakim-stopniu-dochodzisz-do-siebie","status":"publish","type":"product","link":"https:\/\/dev.tutemetscombien.fr\/pl\/jeu-de-societe\/ttmc-2-tu-te-remets-combien\/","title":{"rendered":"TTMC 2 \u2013 Tu Te (Re)Mets Combien ?"},"content":{"rendered":"<p style=\"font-weight: 400;\"><em>TTMC 2 \u2013 Tu Te (Re)Mets Combien ?<\/em> Przywraca kultow\u0105 zasad\u0119 quizu, w kt\u00f3rym samodzielnie oceniasz swoj\u0105 wiedz\u0119 w skali od 1 do 10, i wzbogaca j\u0105 o spor\u0105 dawk\u0119 nowych funkcji!<\/p>\n<p style=\"font-weight: 400;\">Odkryj 540 kart i 4028 nowych pyta\u0144 na wiele temat\u00f3w, od najpowa\u017cniejszych do najbardziej nieprawdopodobnych.<\/p>\n<p style=\"font-weight: 400;\">Do \u015brodka wsuwa si\u0119 nawet pude\u0142ko wielko\u015bci pude\u0142ka do ucieczki, niezale\u017cne i niezale\u017cne, dzi\u0119ki czemu mo\u017cna w nie gra\u0107 wsz\u0119dzie (poza prysznicem).<\/p>\n<p style=\"font-weight: 400;\">Nowe karty specjalne \u00abIntrepid\u00bb, wi\u0119cej interakcji zespo\u0142owych, regulowana d\u0142ugo\u015b\u0107 gry\u2026 ale zasada pozostaje ta sama: wybierasz ocen\u0119 od 1 (\u0142atwy) do 10 (ekspert) w wybranym temacie. Im wy\u017csza ocena, tym trudniejsze pytanie. Je\u015bli odpowiesz poprawnie, awansujesz o liczb\u0119 p\u00f3l wskazan\u0105 przez ocen\u0119.<\/p>","protected":false},"excerpt":{"rendered":"<div id=\"product-description-short-4524\">\n<p>Jakie masz wyniki z wydr? Z 5G? Z algebry?<br \/>\nKontynuacja gry z zakresu wiedzy og\u00f3lnej, w kt\u00f3rej gracz sam ocenia swoj\u0105 wiedz\u0119 w skali od 1 do 10 w zakresie wielu nowych zagadnie\u0144!<\/p>\n<\/div>","protected":false},"featured_media":3138,"comment_status":"closed","ping_status":"closed","template":"","meta":{"_acf_changed":false},"product_brand":[],"product_cat":[37],"product_tag":[],"class_list":{"0":"post-1538","1":"product","2":"type-product","3":"status-publish","4":"has-post-thumbnail","6":"product_cat-ttmc-france","8":"first","9":"instock","10":"featured","11":"taxable","12":"shipping-taxable","13":"purchasable","14":"product-type-simple"},"acf":[],"_links":{"self":[{"href":"https:\/\/dev.tutemetscombien.fr\/pl\/wp-json\/wp\/v2\/product\/1538","targetHints":{"allow":["GET"]}}],"collection":[{"href":"https:\/\/dev.tutemetscombien.fr\/pl\/wp-json\/wp\/v2\/product"}],"about":[{"href":"https:\/\/dev.tutemetscombien.fr\/pl\/wp-json\/wp\/v2\/types\/product"}],"replies":[{"embeddable":true,"href":"https:\/\/dev.tutemetscombien.fr\/pl\/wp-json\/wp\/v2\/comments?post=1538"}],"wp:featuredmedia":[{"embeddable":true,"href":"https:\/\/dev.tutemetscombien.fr\/pl\/wp-json\/wp\/v2\/media\/3138"}],"wp:attachment":[{"href":"https:\/\/dev.tutemetscombien.fr\/pl\/wp-json\/wp\/v2\/media?parent=1538"}],"wp:term":[{"taxonomy":"product_brand","embeddable":true,"href":"https:\/\/dev.tutemetscombien.fr\/pl\/wp-json\/wp\/v2\/product_brand?post=1538"},{"taxonomy":"product_cat","embeddable":true,"href":"https:\/\/dev.tutemetscombien.fr\/pl\/wp-json\/wp\/v2\/product_cat?post=1538"},{"taxonomy":"product_tag","embeddable":true,"href":"https:\/\/dev.tutemetscombien.fr\/pl\/wp-json\/wp\/v2\/product_tag?post=1538"}],"curies":[{"name":"wp","href":"https:\/\/api.w.org\/{rel}","templated":true}]}}