{"id":1593,"date":"2025-07-21T15:15:50","date_gmt":"2025-07-21T13:15:50","guid":{"rendered":"https:\/\/dev.tutemetscombien.fr\/?post_type=product&#038;p=1593"},"modified":"2026-02-23T11:15:47","modified_gmt":"2026-02-23T10:15:47","slug":"muzyka-ttmc","status":"publish","type":"product","link":"https:\/\/dev.tutemetscombien.fr\/pl\/jeu-de-societe\/ttmc-musique\/","title":{"rendered":"TTMC \u2013 Muzyka"},"content":{"rendered":"<p>Wariant rytmiczny <em>TTMC \u2013 Tu Te Mets Combien ?<\/em>, W tym specjalnym wydaniu znajdziesz 162 karty i 1178 pyta\u0144 na temat muzyki.<\/p>\n<p>To ta sama stara historia: sam oceniasz swoj\u0105 wiedz\u0119 w wybranym temacie w skali od 1 (\u0142atwy) do 10 (ekspercki). Im wy\u017cszy wynik, tym trudniejsze pytanie. Prawid\u0142owa odpowied\u017a? Przesuwasz si\u0119 o liczb\u0119 p\u00f3l r\u00f3wn\u0105 liczbie punkt\u00f3w.<\/p>\n<p>Sprawd\u017a swoj\u0105 wiedz\u0119 o muzyce od Aznavoura do Beyonc\u00e9 \u2013 gra dost\u0119pna dla wszystkich mi\u0142o\u015bnik\u00f3w muzyki.<\/p>","protected":false},"excerpt":{"rendered":"<p>Ile piosenek Disneya oceniasz? Beatles\u00f3w? Gitar?<br \/>\nFestiwal pyta\u0144 o muzyk\u0119!<\/p>","protected":false},"featured_media":3599,"comment_status":"closed","ping_status":"closed","template":"","meta":{"_acf_changed":false},"product_brand":[],"product_cat":[37],"product_tag":[],"class_list":{"0":"post-1593","1":"product","2":"type-product","3":"status-publish","4":"has-post-thumbnail","6":"product_cat-ttmc-france","8":"first","9":"outofstock","10":"taxable","11":"shipping-taxable","12":"purchasable","13":"product-type-simple"},"acf":[],"_links":{"self":[{"href":"https:\/\/dev.tutemetscombien.fr\/pl\/wp-json\/wp\/v2\/product\/1593","targetHints":{"allow":["GET"]}}],"collection":[{"href":"https:\/\/dev.tutemetscombien.fr\/pl\/wp-json\/wp\/v2\/product"}],"about":[{"href":"https:\/\/dev.tutemetscombien.fr\/pl\/wp-json\/wp\/v2\/types\/product"}],"replies":[{"embeddable":true,"href":"https:\/\/dev.tutemetscombien.fr\/pl\/wp-json\/wp\/v2\/comments?post=1593"}],"wp:featuredmedia":[{"embeddable":true,"href":"https:\/\/dev.tutemetscombien.fr\/pl\/wp-json\/wp\/v2\/media\/3599"}],"wp:attachment":[{"href":"https:\/\/dev.tutemetscombien.fr\/pl\/wp-json\/wp\/v2\/media?parent=1593"}],"wp:term":[{"taxonomy":"product_brand","embeddable":true,"href":"https:\/\/dev.tutemetscombien.fr\/pl\/wp-json\/wp\/v2\/product_brand?post=1593"},{"taxonomy":"product_cat","embeddable":true,"href":"https:\/\/dev.tutemetscombien.fr\/pl\/wp-json\/wp\/v2\/product_cat?post=1593"},{"taxonomy":"product_tag","embeddable":true,"href":"https:\/\/dev.tutemetscombien.fr\/pl\/wp-json\/wp\/v2\/product_tag?post=1593"}],"curies":[{"name":"wp","href":"https:\/\/api.w.org\/{rel}","templated":true}]}}