{"id":2188,"date":"2025-09-16T10:19:44","date_gmt":"2025-09-16T08:19:44","guid":{"rendered":"https:\/\/dev.tutemetscombien.fr\/?post_type=product&#038;p=2188"},"modified":"2026-02-23T11:14:13","modified_gmt":"2026-02-23T10:14:13","slug":"ttmc-uzupelnienie-belgijskie","status":"publish","type":"product","link":"https:\/\/dev.tutemetscombien.fr\/pl\/jeu-de-societe\/ttmc-le-complement-belge\/","title":{"rendered":"TTMC \u2013 Le Compl\u00e9ment Belge"},"content":{"rendered":"<p>Zanurz si\u0119 w belgijskiej kulturze dzi\u0119ki temu lokalnemu numerowi wewn\u0119trznemu 100 %<em> TTMC \u2013 Tu Te Mets Combien ?<\/em>.<\/p>\n<p>130 kart i 1014 pyta\u0144 zgodnych z <em>TTMC 1<\/em> aby sprawdzi\u0107 swoj\u0105 wiedz\u0119 wykraczaj\u0105c\u0105 poza frytki i Stromae.<\/p>\n<p>Zasada pozostaje ta sama: samodzielnie oceniasz swoj\u0105 wiedz\u0119 w danym temacie w skali od 1 (\u0142atwy) do 10 (ekspercki). Im wy\u017cszy wynik, tym trudniejsze pytanie. Prawid\u0142owa odpowied\u017a? Przesuwasz si\u0119 o liczb\u0119 p\u00f3l r\u00f3wn\u0105 liczbie punkt\u00f3w.<\/p>","protected":false},"excerpt":{"rendered":"<p>Ile da\u0142by\u015b za Chevroleta? Za Beno\u00eeta Poelvoorde? Za rowery szynowe?<br \/>\nRozszerzenie <em>TTMC<\/em> Specjalne wydanie belgijskie!<\/p>","protected":false},"featured_media":3149,"comment_status":"closed","ping_status":"closed","template":"","meta":{"_acf_changed":false},"product_brand":[],"product_cat":[37],"product_tag":[],"class_list":{"0":"post-2188","1":"product","2":"type-product","3":"status-publish","4":"has-post-thumbnail","6":"product_cat-ttmc-france","8":"first","9":"outofstock","10":"taxable","11":"shipping-taxable","12":"purchasable","13":"product-type-simple"},"acf":[],"_links":{"self":[{"href":"https:\/\/dev.tutemetscombien.fr\/pl\/wp-json\/wp\/v2\/product\/2188","targetHints":{"allow":["GET"]}}],"collection":[{"href":"https:\/\/dev.tutemetscombien.fr\/pl\/wp-json\/wp\/v2\/product"}],"about":[{"href":"https:\/\/dev.tutemetscombien.fr\/pl\/wp-json\/wp\/v2\/types\/product"}],"replies":[{"embeddable":true,"href":"https:\/\/dev.tutemetscombien.fr\/pl\/wp-json\/wp\/v2\/comments?post=2188"}],"wp:featuredmedia":[{"embeddable":true,"href":"https:\/\/dev.tutemetscombien.fr\/pl\/wp-json\/wp\/v2\/media\/3149"}],"wp:attachment":[{"href":"https:\/\/dev.tutemetscombien.fr\/pl\/wp-json\/wp\/v2\/media?parent=2188"}],"wp:term":[{"taxonomy":"product_brand","embeddable":true,"href":"https:\/\/dev.tutemetscombien.fr\/pl\/wp-json\/wp\/v2\/product_brand?post=2188"},{"taxonomy":"product_cat","embeddable":true,"href":"https:\/\/dev.tutemetscombien.fr\/pl\/wp-json\/wp\/v2\/product_cat?post=2188"},{"taxonomy":"product_tag","embeddable":true,"href":"https:\/\/dev.tutemetscombien.fr\/pl\/wp-json\/wp\/v2\/product_tag?post=2188"}],"curies":[{"name":"wp","href":"https:\/\/api.w.org\/{rel}","templated":true}]}}