{"id":2521,"date":"2025-10-21T12:21:27","date_gmt":"2025-10-21T10:21:27","guid":{"rendered":"https:\/\/dev.tutemetscombien.fr\/?post_type=product&#038;p=2521"},"modified":"2026-02-23T11:13:28","modified_gmt":"2026-02-23T10:13:28","slug":"ttmc-naturalny-suplement","status":"publish","type":"product","link":"https:\/\/dev.tutemetscombien.fr\/pl\/jeu-de-societe\/ttmc-le-complement-naturel\/","title":{"rendered":"TTMC \u2013 Le Compl\u00e9ment Naturel"},"content":{"rendered":"<p>My\u015bla\u0142e\u015b, \u017ce b\u0119dziemy rozmawia\u0107 o sosnach parasolowatych i kompo\u015bcie? B\u0142\u0105d.<\/p>\n<p><em>Naturalny suplement<\/em>, To po prostu rozszerzenie, kt\u00f3re naturalnie pasuje do pude\u0142ka <em>TTMC 1<\/em>.<\/p>\n<p>130 kart i 1035 nowych pyta\u0144 do ponownego rozegrania, w tych samych legendarnych kategoriach: Szko\u0142a, Dojrza\u0142e, Zabawa, Nieprawdopodobne, a tak\u017ce s\u0142ynne karty Wyzwanie i Nie wahaj si\u0119 wygra\u0107.<\/p>\n<p>Zasada pozostaje ta sama: samodzielnie oceniasz swoj\u0105 wiedz\u0119 w danym temacie w skali od 1 (\u0142atwy) do 10 (ekspercki). Im wy\u017cszy wynik, tym trudniejsze pytanie. Prawid\u0142owa odpowied\u017a? Przesuwasz si\u0119 o liczb\u0119 p\u00f3l r\u00f3wn\u0105 liczbie punkt\u00f3w.<\/p>","protected":false},"excerpt":{"rendered":"<div id=\"TheTexte\" class=\"Texte\" lang=\"zxx\">\n<div id=\"product-description-short-224\">\n<p>Ile wydajesz na piwo? P\u0142yn do p\u0142ukania ust? Produkty skrobiowe?<br \/>\nJedyne, co w nim jest naturalne, to to, \u017ce idealnie dope\u0142nia twoje <em>TTMC<\/em> !<\/p>\n<\/div>\n<\/div>","protected":false},"featured_media":3148,"comment_status":"closed","ping_status":"closed","template":"","meta":{"_acf_changed":false},"product_brand":[],"product_cat":[37],"product_tag":[],"class_list":{"0":"post-2521","1":"product","2":"type-product","3":"status-publish","4":"has-post-thumbnail","6":"product_cat-ttmc-france","8":"first","9":"instock","10":"taxable","11":"shipping-taxable","12":"purchasable","13":"product-type-simple"},"acf":[],"_links":{"self":[{"href":"https:\/\/dev.tutemetscombien.fr\/pl\/wp-json\/wp\/v2\/product\/2521","targetHints":{"allow":["GET"]}}],"collection":[{"href":"https:\/\/dev.tutemetscombien.fr\/pl\/wp-json\/wp\/v2\/product"}],"about":[{"href":"https:\/\/dev.tutemetscombien.fr\/pl\/wp-json\/wp\/v2\/types\/product"}],"replies":[{"embeddable":true,"href":"https:\/\/dev.tutemetscombien.fr\/pl\/wp-json\/wp\/v2\/comments?post=2521"}],"wp:featuredmedia":[{"embeddable":true,"href":"https:\/\/dev.tutemetscombien.fr\/pl\/wp-json\/wp\/v2\/media\/3148"}],"wp:attachment":[{"href":"https:\/\/dev.tutemetscombien.fr\/pl\/wp-json\/wp\/v2\/media?parent=2521"}],"wp:term":[{"taxonomy":"product_brand","embeddable":true,"href":"https:\/\/dev.tutemetscombien.fr\/pl\/wp-json\/wp\/v2\/product_brand?post=2521"},{"taxonomy":"product_cat","embeddable":true,"href":"https:\/\/dev.tutemetscombien.fr\/pl\/wp-json\/wp\/v2\/product_cat?post=2521"},{"taxonomy":"product_tag","embeddable":true,"href":"https:\/\/dev.tutemetscombien.fr\/pl\/wp-json\/wp\/v2\/product_tag?post=2521"}],"curies":[{"name":"wp","href":"https:\/\/api.w.org\/{rel}","templated":true}]}}