{"id":3583,"date":"2026-02-25T12:00:33","date_gmt":"2026-02-25T11:00:33","guid":{"rendered":"https:\/\/dev.tutemetscombien.fr\/?post_type=product&#038;p=3583"},"modified":"2026-02-23T11:08:12","modified_gmt":"2026-02-23T10:08:12","slug":"ttmc-science-infuse-avec-science-vie","status":"publish","type":"product","link":"https:\/\/dev.tutemetscombien.fr\/pl\/jeu-de-societe\/ttmc-science-infuse-avec-science-vie\/","title":{"rendered":"TTMC \u2013 Nauka przesi\u0105kni\u0119ta nauk\u0105 i \u017cyciem"},"content":{"rendered":"<p>Variante vivante de <em>TTMC \u2013 Tu Te Mets Combien ?<\/em>, cette \u00e9dition sp\u00e9ciale te propose 162 cartes et plus de 1 200 questions autour de la science.<\/p>\n<p>La formule est inchang\u00e9e : tu auto-\u00e9values tes connaissances de 1 (facile) \u00e0 10 (expert) sur le sujet tir\u00e9. Plus la note est \u00e9lev\u00e9e, plus la question est difficile. Une bonne r\u00e9ponse ? Tu avances d\u2019autant de cases que ta note.<\/p>\n<p>Accessible aussi bien aux g\u00e9nies de la science qu\u2019\u00e0 ceux qui ont s\u00e9ch\u00e9 les cours de SVT.<\/p>\n<p>En collaboration avec Science &amp; Vie.<\/p>","protected":false},"excerpt":{"rendered":"<div id=\"product-description-short-2134\">\n<p>Tu te mets combien en extraterrestres ? En transit ? En Jurassic Park ?<br \/>\nUn labo de questions, avec Science &amp; Vie !<\/p>\n<\/div>","protected":false},"featured_media":3585,"comment_status":"closed","ping_status":"closed","template":"","meta":{"_acf_changed":false},"product_brand":[],"product_cat":[37],"product_tag":[],"class_list":{"0":"post-3583","1":"product","2":"type-product","3":"status-publish","4":"has-post-thumbnail","6":"product_cat-ttmc-france","8":"first","9":"instock","10":"taxable","11":"shipping-taxable","12":"purchasable","13":"product-type-simple"},"acf":[],"_links":{"self":[{"href":"https:\/\/dev.tutemetscombien.fr\/pl\/wp-json\/wp\/v2\/product\/3583","targetHints":{"allow":["GET"]}}],"collection":[{"href":"https:\/\/dev.tutemetscombien.fr\/pl\/wp-json\/wp\/v2\/product"}],"about":[{"href":"https:\/\/dev.tutemetscombien.fr\/pl\/wp-json\/wp\/v2\/types\/product"}],"replies":[{"embeddable":true,"href":"https:\/\/dev.tutemetscombien.fr\/pl\/wp-json\/wp\/v2\/comments?post=3583"}],"wp:featuredmedia":[{"embeddable":true,"href":"https:\/\/dev.tutemetscombien.fr\/pl\/wp-json\/wp\/v2\/media\/3585"}],"wp:attachment":[{"href":"https:\/\/dev.tutemetscombien.fr\/pl\/wp-json\/wp\/v2\/media?parent=3583"}],"wp:term":[{"taxonomy":"product_brand","embeddable":true,"href":"https:\/\/dev.tutemetscombien.fr\/pl\/wp-json\/wp\/v2\/product_brand?post=3583"},{"taxonomy":"product_cat","embeddable":true,"href":"https:\/\/dev.tutemetscombien.fr\/pl\/wp-json\/wp\/v2\/product_cat?post=3583"},{"taxonomy":"product_tag","embeddable":true,"href":"https:\/\/dev.tutemetscombien.fr\/pl\/wp-json\/wp\/v2\/product_tag?post=3583"}],"curies":[{"name":"wp","href":"https:\/\/api.w.org\/{rel}","templated":true}]}}