{"id":958,"date":"2025-06-12T09:39:55","date_gmt":"2025-06-12T07:39:55","guid":{"rendered":"https:\/\/dev.tutemetscombien.fr\/?page_id=958"},"modified":"2025-07-03T13:54:50","modified_gmt":"2025-07-03T11:54:50","slug":"avisos-legais","status":"publish","type":"page","link":"https:\/\/dev.tutemetscombien.fr\/pt\/mentions-legales\/","title":{"rendered":"Avisos legais"},"content":{"rendered":"<div data-elementor-type=\"wp-page\" data-elementor-id=\"958\" class=\"elementor elementor-958\" data-elementor-post-type=\"page\">\n\t\t\t\t<div class=\"elementor-element elementor-element-4eefeba e-con-full e-flex e-con e-parent\" data-id=\"4eefeba\" data-element_type=\"container\" data-e-type=\"container\" data-settings=\"{&quot;background_background&quot;:&quot;classic&quot;}\">\n\t\t<div class=\"elementor-element elementor-element-6328355 e-flex e-con-boxed e-con e-child\" data-id=\"6328355\" data-element_type=\"container\" data-e-type=\"container\" data-settings=\"{&quot;background_background&quot;:&quot;classic&quot;}\">\n\t\t\t\t\t<div class=\"e-con-inner\">\n\t\t\t\t<div class=\"elementor-element elementor-element-974f98e elementor-widget elementor-widget-theme-post-title elementor-page-title elementor-widget-heading\" data-id=\"974f98e\" data-element_type=\"widget\" data-e-type=\"widget\" data-widget_type=\"theme-post-title.default\">\n\t\t\t\t<div class=\"elementor-widget-container\">\n\t\t\t\t\t<h1 class=\"elementor-heading-title elementor-size-default\">Avisos legais<\/h1>\t\t\t\t<\/div>\n\t\t\t\t<\/div>\n\t\t\t\t\t<\/div>\n\t\t\t\t<\/div>\n\t\t\t\t<\/div>\n\t\t<div class=\"elementor-element elementor-element-79a1933 e-flex e-con-boxed e-con e-parent\" data-id=\"79a1933\" data-element_type=\"container\" data-e-type=\"container\">\n\t\t\t\t\t<div class=\"e-con-inner\">\n\t\t\t\t<div class=\"elementor-element elementor-element-3c6db99 elementor-widget elementor-widget-text-editor\" data-id=\"3c6db99\" data-element_type=\"widget\" data-e-type=\"widget\" data-widget_type=\"text-editor.default\">\n\t\t\t\t<div class=\"elementor-widget-container\">\n\t\t\t\t\t\t\t\t\t<p>De acordo com o artigo 6 da Lei n.\u00ba 2004-575 de 21 de junho de 2004 sobre a confian\u00e7a na economia digital, os usu\u00e1rios do site http:\/\/dev.tutemetscombien.fr s\u00e3o informados sobre as diversas partes envolvidas na sua cria\u00e7\u00e3o e monitoramento:<\/p>\n<p>\u200d<br>Propriet\u00e1rio: LES EDITIONS DE BASE, SAS com capital social de \u20ac 4.000<br>SIRET = 82190894400035<\/p>\n<p>N\u00ba INTRA IVA = FR36821908944<\/p>\n<p>Endere\u00e7o da sede: 13, rue Diderot 94300 Vincennes<\/p>\n<p>E-mail: contact@tutemetscombien.fr<\/p>\n<p>Site: http:\/\/dev.tutemetscombien.fr<\/p>\n<p>\u200d<\/p>\n<p><strong>Hospedar<\/strong>&nbsp;: OVH, 2 rue Kellermann BP 80157 59053 ROUBAIX CEDEX 1 \u2013 Fran\u00e7a, SAS com capital de \u20ac 10.059.500 \u2013 RCS LILLE METROPOLE 424 761 419 00045 \u2013 C\u00f3digo APE 2620Z \u2013 N.\u00ba de IVA FR FR22424761419<br>Site: https:\/\/www.ovh.com\/fr<br>Site: http:\/\/www.cam-and-com.fr\/<\/p>\n<p>\u200d<\/p>\n<p>Este site (dev.tutemetscombien.fr) est\u00e1 dispon\u00edvel em v\u00e1rias linguagens de programa\u00e7\u00e3o (HTML, HTML5, Javascript, CSS, etc.). Para uma experi\u00eancia de navega\u00e7\u00e3o excepcional, recomendamos o uso de navegadores como Internet Explorer, Google Chrome, Safari e Firefox.<br>A LES EDITIONS DE BASE envida todos os esfor\u00e7os para garantir a fiabilidade das informa\u00e7\u00f5es e atualiza\u00e7\u00f5es no seu website. No entanto, poder\u00e3o ocorrer erros ou imprecis\u00f5es. Os utilizadores devem, portanto, garantir a exatid\u00e3o das informa\u00e7\u00f5es junto da LES EDITIONS DE BASE e comunicar quaisquer altera\u00e7\u00f5es necess\u00e1rias por e-mail para contact@tutemetscombien.fr. A LES EDITIONS DE BASE n\u00e3o se responsabiliza, de forma alguma, pela utiliza\u00e7\u00e3o destas informa\u00e7\u00f5es, nem por quaisquer danos diretos ou indiretos que da\u00ed possam advir.<\/p>\n<p>\u200d<\/p>\n<p>O site dev.tutemetscombien.fr pode solicitar aos visitantes que aceitem cookies para fins estat\u00edsticos e de exibi\u00e7\u00e3o. Um cookie \u00e9 uma informa\u00e7\u00e3o armazenada no seu disco r\u00edgido pelo servidor do site visitado. Ele cont\u00e9m diversos dados que s\u00e3o armazenados no seu computador em um arquivo de texto simples que um servidor acessa para ler e salvar informa\u00e7\u00f5es. Algumas partes deste site podem n\u00e3o funcionar sem a aceita\u00e7\u00e3o de cookies.<br>Este site pode oferecer links para outros sites de terceiros, sejam eles parceiros ou n\u00e3o. LES EDITIONS DE BASE n\u00e3o possui meios de controlar os sites vinculados aos seus sites e n\u00e3o se responsabiliza pela disponibilidade de tais sites e fontes externas, n\u00e3o podendo ser responsabilizada por quaisquer danos deles decorrentes. Os riscos associados a essa utiliza\u00e7\u00e3o s\u00e3o de inteira responsabilidade do internauta, que dever\u00e1 respeitar as condi\u00e7\u00f5es de utiliza\u00e7\u00e3o.<\/p>\n<p>\u200d<br>Nenhuma pessoa f\u00edsica ou jur\u00eddica poder\u00e1 criar um hiperlink para este site sem a autoriza\u00e7\u00e3o pr\u00e9via e expressa da LES EDITIONS DE BASE. Caso um usu\u00e1rio ou visitante deseje criar um hiperlink para um dos sites da LES EDITIONS DE BASE, n\u00e3o hesite em enviar um e-mail para fazer a solicita\u00e7\u00e3o; a LES EDITIONS DE BASE reserva-se o direito de aceitar ou recusar sem precisar justificar sua decis\u00e3o.<br>Qualquer conte\u00fado baixado \u00e9 feito por conta e risco do visitante do site e sob sua exclusiva responsabilidade. Consequentemente, n\u00e3o podemos ser responsabilizados por qualquer dano ao computador do visitante do site ou por qualquer perda de dados resultante do download. Todo o conte\u00fado do site dev.tutemetscombien.fr, incluindo, mas n\u00e3o se limitando a, gr\u00e1ficos, imagens, textos, v\u00eddeos, anima\u00e7\u00f5es, sons, logotipos, gifs e \u00edcones, bem como sua formata\u00e7\u00e3o, s\u00e3o propriedade exclusiva da empresa, com exce\u00e7\u00e3o de marcas registradas, logotipos ou conte\u00fado pertencente a outras empresas parceiras ou autores. Qualquer reprodu\u00e7\u00e3o, distribui\u00e7\u00e3o, modifica\u00e7\u00e3o, adapta\u00e7\u00e3o, retransmiss\u00e3o ou publica\u00e7\u00e3o, mesmo parcial, desses diferentes elementos \u00e9 estritamente proibida sem o consentimento da LES EDITIONS DE BASE. Esta representa\u00e7\u00e3o ou reprodu\u00e7\u00e3o, por qualquer meio, constitui uma infra\u00e7\u00e3o pun\u00edvel pelos artigos L.335-2 e seguintes do C\u00f3digo da Propriedade Intelectual. O n\u00e3o cumprimento desta proibi\u00e7\u00e3o constitui uma infra\u00e7\u00e3o que pode incorrer em responsabilidade civil e criminal do infrator. Al\u00e9m disso, os propriet\u00e1rios do conte\u00fado copiado podem tomar medidas legais contra voc\u00ea.<\/p>\n<p>\u200d<\/p>\n<p>As informa\u00e7\u00f5es coletadas neste site est\u00e3o sujeitas a processamento inform\u00e1tico destinado a<strong>&nbsp;EDI\u00c7\u00d5ES B\u00c1SICAS SAS<\/strong><br>\u200d<\/p>\n<p>Para o seguinte prop\u00f3sito:&nbsp;<strong>PERMITIR A ENTREGA DE CAIXAS DE JOGOS<\/strong><br>Os destinat\u00e1rios dos dados s\u00e3o:<strong>&nbsp;O DEPARTAMENTO DE VENDAS<\/strong><\/p>\n<p>\u200d<\/p>\n<p>De acordo com a Lei 78-17 de 6 de janeiro de 1978 (alterada pela Lei 2004-801 de 6 de agosto de 2004 relativa \u00e0 prote\u00e7\u00e3o das pessoas f\u00edsicas no que diz respeito ao processamento de dados pessoais) relativa \u00e0 tecnologia da informa\u00e7\u00e3o, arquivos e liberdades, o visitante do site tem o direito de acessar, modificar, retificar e excluir os dados que lhe dizem respeito.<\/p>\n<p>Voc\u00ea pode acessar informa\u00e7\u00f5es sobre voc\u00ea entrando em contato com:&nbsp;<strong>SAS LES EDITIONS DE BASE, contact@tutemetscombien.fr<\/strong><br>Voc\u00ea tamb\u00e9m pode, por motivos leg\u00edtimos, opor-se ao processamento de dados relativos a voc\u00ea. Para saber mais,&nbsp;<a href=\"https:\/\/www.cnil.fr\/fr\/comprendre-vos-droits\">consulte seus direitos no site da CNIL.<\/a><br>Este site foi declarado \u00e0 Comiss\u00e3o Nacional de Tecnologia da Informa\u00e7\u00e3o e Liberdades Civis (www.cnil.fr).<\/p>\n<p>\u200d<br>As presentes condi\u00e7\u00f5es do website dev.tutemetscombien.fr s\u00e3o regidas pela lei francesa e qualquer lit\u00edgio ou disputa que possa surgir da interpreta\u00e7\u00e3o ou execu\u00e7\u00e3o destas condi\u00e7\u00f5es ser\u00e1 da compet\u00eancia exclusiva dos tribunais dos quais depende a sede social da empresa. A l\u00edngua de refer\u00eancia para a resolu\u00e7\u00e3o de quaisquer lit\u00edgios \u00e9 o franc\u00eas. N\u00e3o \u00e9 obrigat\u00f3rio que nos forne\u00e7a os seus dados pessoais quando visita o nosso website dev.tutemetscombien.fr. No entanto, este princ\u00edpio tem algumas exce\u00e7\u00f5es. De facto, para determinados servi\u00e7os oferecidos pelo nosso site, poder\u00e1 ser-lhe solicitado que nos forne\u00e7a determinados dados (sobrenome, nome, morada, endere\u00e7o de e-mail, n\u00famero de telefone). Este \u00e9 o caso quando preenche o formul\u00e1rio que lhe \u00e9 oferecido online, na sec\u00e7\u00e3o &quot;contacto&quot;. Em todos os casos, pode recusar o fornecimento dos seus dados pessoais. Neste caso, n\u00e3o poder\u00e1 utilizar os servi\u00e7os do site, em particular o de solicitar informa\u00e7\u00f5es sobre a nossa empresa ou receber newsletters. Por fim, podemos coletar automaticamente determinadas informa\u00e7\u00f5es sobre voc\u00ea enquanto voc\u00ea simplesmente navega em nosso site, incluindo: informa\u00e7\u00f5es sobre o uso do nosso site, como as \u00e1reas que voc\u00ea visita e os servi\u00e7os que acessa, seu endere\u00e7o IP, seu tipo de navegador e seus hor\u00e1rios de acesso. Essas informa\u00e7\u00f5es s\u00e3o utilizadas exclusivamente para fins estat\u00edsticos internos, a fim de melhorar a qualidade dos servi\u00e7os oferecidos a voc\u00ea. Os bancos de dados s\u00e3o protegidos pelas disposi\u00e7\u00f5es da lei de 1\u00ba de julho de 1998, que transp\u00f5e a Diretiva 96\/9 de 11 de mar\u00e7o de 1996 relativa \u00e0 prote\u00e7\u00e3o jur\u00eddica de bancos de dados.<\/p>\n<p>No \u00e2mbito da cria\u00e7\u00e3o de uma aplica\u00e7\u00e3o digital em torno do jogo \u201cTTMC \u2013 Quanto \u00e9 que voc\u00ea coloca?\u201d, a empresa LES EDITIONS DE BASE recolhe os seguintes dados pessoais sobre si: nome de utilizador, endere\u00e7o de e-mail, idade, sexo, cidade e n\u00famero de telefone.<br>Alguns outros dados s\u00e3o coletados para serem anonimizados e usados para fins estat\u00edsticos (classifica\u00e7\u00e3o, estat\u00edsticas relacionadas ao uso do aplicativo).<\/p>\n<p>Estes dados pessoais relativos a si s\u00e3o tratados pela empresa LES EDITIONS DE BASE para lhe permitir receber e-mails e notifica\u00e7\u00f5es da empresa LES EDITIONS DE BASE. Estes dados s\u00e3o tamb\u00e9m utilizados no \u00e2mbito da sua inscri\u00e7\u00e3o no ranking nacional, permitindo-lhe participar num sorteio a cada 2 semanas, em execu\u00e7\u00e3o das condi\u00e7\u00f5es gerais de utiliza\u00e7\u00e3o da aplica\u00e7\u00e3o;<\/p>\n<p>A qualquer momento durante a utiliza\u00e7\u00e3o do aplicativo, caso n\u00e3o deseje mais receber comunica\u00e7\u00f5es comerciais da LES EDITIONS DE BASE, voc\u00ea pode revogar seu consentimento cancelando a assinatura. Nesse caso, a LES EDITIONS DE BASE cessar\u00e1 o processamento dos seus dados pessoais assim que voc\u00ea cancelar a assinatura. Em qualquer caso, esses dados pessoais ser\u00e3o retidos durante o per\u00edodo de utiliza\u00e7\u00e3o do aplicativo, bem como por um per\u00edodo adicional de 13 meses a partir do momento em que voc\u00ea receber uma notifica\u00e7\u00e3o informando que sua conta est\u00e1 inativa e convidando-o a retornar ao aplicativo.<\/p>\n<p>Eles poder\u00e3o ser comunicados a terceiros prestadores de servi\u00e7os para a presta\u00e7\u00e3o de servi\u00e7os de hospedagem, armazenamento, comunica\u00e7\u00e3o, gerenciamento de banco de dados ou manuten\u00e7\u00e3o de TI. Caso esses prestadores estejam localizados fora da Uni\u00e3o Europeia, o controlador de dados se compromete a tomar todas as medidas exigidas pela legisla\u00e7\u00e3o vigente para garantir a prote\u00e7\u00e3o dos seus dados pessoais.<\/p>\n<p>Voc\u00ea tem, dentro dos limites da legisla\u00e7\u00e3o vigente sobre prote\u00e7\u00e3o de dados, o direito de acesso, retifica\u00e7\u00e3o, portabilidade, elimina\u00e7\u00e3o dos dados pessoais que lhe dizem respeito e o direito de limitar o processamento. Voc\u00ea tamb\u00e9m tem o direito de receber instru\u00e7\u00f5es especiais sobre o destino dos seus dados ap\u00f3s o seu falecimento.<\/p>\n<p>Para exercer esses direitos, voc\u00ea pode enviar uma solicita\u00e7\u00e3o para contact@tutemetscombien.fr.<\/p>\n<p>Se, ap\u00f3s esse contato, voc\u00ea acreditar que seus direitos sobre esses dados n\u00e3o foram respeitados, voc\u00ea pode enviar uma reclama\u00e7\u00e3o \u00e0 autoridade reguladora local.<\/p>\n<p>Estes avisos legais foram inspirados no modelo gerado pelo site http:\/\/www.generateur-de-mentions-legales.com, oferecido por http:\/\/welye.com.<\/p>\n<p>\u00daltima atualiza\u00e7\u00e3o: 08\/11\/2023<\/p>\t\t\t\t\t\t\t\t<\/div>\n\t\t\t\t<\/div>\n\t\t\t\t\t<\/div>\n\t\t\t\t<\/div>\n\t\t<div class=\"elementor-element elementor-element-f3d620b e-flex e-con-boxed e-con e-child\" data-id=\"f3d620b\" data-element_type=\"container\" data-e-type=\"container\">\n\t\t\t\t\t<div class=\"e-con-inner\">\n\t\t<div class=\"elementor-element elementor-element-53cfc12 e-con-full e-flex e-con e-child\" data-id=\"53cfc12\" data-element_type=\"container\" data-e-type=\"container\">\n\t\t\t\t<div class=\"elementor-element elementor-element-a06ffe0 elementor-widget__width-initial elementor-widget-mobile__width-initial elementor-widget elementor-widget-text-editor\" data-id=\"a06ffe0\" data-element_type=\"widget\" data-e-type=\"widget\" data-widget_type=\"text-editor.default\">\n\t\t\t\t<div class=\"elementor-widget-container\">\n\t\t\t\t\t\t\t\t\t<p>\u00a9 2025<\/p>\t\t\t\t\t\t\t\t<\/div>\n\t\t\t\t<\/div>\n\t\t\t\t<div class=\"elementor-element elementor-element-f569820 elementor-widget__width-initial elementor-widget-mobile__width-initial elementor-widget elementor-widget-button\" data-id=\"f569820\" data-element_type=\"widget\" data-e-type=\"widget\" data-widget_type=\"button.default\">\n\t\t\t\t<div class=\"elementor-widget-container\">\n\t\t\t\t\t\t\t\t\t<div class=\"elementor-button-wrapper\">\n\t\t\t\t\t<a class=\"elementor-button elementor-button-link elementor-size-sm\" href=\"\/pt\/avisos-legais\/\">\n\t\t\t\t\t\t<span class=\"elementor-button-content-wrapper\">\n\t\t\t\t\t\t\t\t\t<span class=\"elementor-button-text\">Avisos legais<\/span>\n\t\t\t\t\t<\/span>\n\t\t\t\t\t<\/a>\n\t\t\t\t<\/div>\n\t\t\t\t\t\t\t\t<\/div>\n\t\t\t\t<\/div>\n\t\t\t\t<div class=\"elementor-element elementor-element-e26c016 elementor-widget__width-initial elementor-widget-mobile__width-initial elementor-widget elementor-widget-button\" data-id=\"e26c016\" data-element_type=\"widget\" data-e-type=\"widget\" data-widget_type=\"button.default\">\n\t\t\t\t<div class=\"elementor-widget-container\">\n\t\t\t\t\t\t\t\t\t<div class=\"elementor-button-wrapper\">\n\t\t\t\t\t<a class=\"elementor-button elementor-button-link elementor-size-sm\" href=\"\/pt\/politica-de-privacidade\/\">\n\t\t\t\t\t\t<span class=\"elementor-button-content-wrapper\">\n\t\t\t\t\t\t\t\t\t<span class=\"elementor-button-text\">pol\u00edtica de Privacidade<\/span>\n\t\t\t\t\t<\/span>\n\t\t\t\t\t<\/a>\n\t\t\t\t<\/div>\n\t\t\t\t\t\t\t\t<\/div>\n\t\t\t\t<\/div>\n\t\t\t\t<div class=\"elementor-element elementor-element-cc8f2db elementor-widget__width-initial elementor-widget-mobile__width-initial elementor-widget elementor-widget-button\" data-id=\"cc8f2db\" data-element_type=\"widget\" data-e-type=\"widget\" data-widget_type=\"button.default\">\n\t\t\t\t<div class=\"elementor-widget-container\">\n\t\t\t\t\t\t\t\t\t<div class=\"elementor-button-wrapper\">\n\t\t\t\t\t<a class=\"elementor-button elementor-button-link elementor-size-sm\" href=\"\/pt\/termos-e-condicoes-gerais\/\">\n\t\t\t\t\t\t<span class=\"elementor-button-content-wrapper\">\n\t\t\t\t\t\t\t\t\t<span class=\"elementor-button-text\">Termos e Condi\u00e7\u00f5es Gerais<\/span>\n\t\t\t\t\t<\/span>\n\t\t\t\t\t<\/a>\n\t\t\t\t<\/div>\n\t\t\t\t\t\t\t\t<\/div>\n\t\t\t\t<\/div>\n\t\t\t\t<\/div>\n\t\t\t\t\t<\/div>\n\t\t\t\t<\/div>\n\t\t\t\t<\/div>","protected":false},"excerpt":{"rendered":"<p>Conform\u00e9ment \u00e0 l\u2019article 6 de la loi n\u00b0 2004-575 du 21 juin 2004 pour la confiance dans &nbsp;l\u2019\u00e9conomie num\u00e9rique, il est pr\u00e9cis\u00e9 aux utilisateurs du site http:\/\/dev.tutemetscombien.fr les diff\u00e9rents intervenants dans le cadre de sa r\u00e9alisation et de son suivi : \u200dPropri\u00e9taire : LES EDITIONS DE BASE, SAS au capital social de 4.000 \u20acSIRET = [&hellip;]<\/p>\n","protected":false},"author":1,"featured_media":0,"parent":0,"menu_order":0,"comment_status":"closed","ping_status":"closed","template":"","meta":{"_acf_changed":false,"footnotes":""},"class_list":["post-958","page","type-page","status-publish","hentry"],"acf":[],"_links":{"self":[{"href":"https:\/\/dev.tutemetscombien.fr\/pt\/wp-json\/wp\/v2\/pages\/958","targetHints":{"allow":["GET"]}}],"collection":[{"href":"https:\/\/dev.tutemetscombien.fr\/pt\/wp-json\/wp\/v2\/pages"}],"about":[{"href":"https:\/\/dev.tutemetscombien.fr\/pt\/wp-json\/wp\/v2\/types\/page"}],"author":[{"embeddable":true,"href":"https:\/\/dev.tutemetscombien.fr\/pt\/wp-json\/wp\/v2\/users\/1"}],"replies":[{"embeddable":true,"href":"https:\/\/dev.tutemetscombien.fr\/pt\/wp-json\/wp\/v2\/comments?post=958"}],"version-history":[{"count":25,"href":"https:\/\/dev.tutemetscombien.fr\/pt\/wp-json\/wp\/v2\/pages\/958\/revisions"}],"predecessor-version":[{"id":1444,"href":"https:\/\/dev.tutemetscombien.fr\/pt\/wp-json\/wp\/v2\/pages\/958\/revisions\/1444"}],"wp:attachment":[{"href":"https:\/\/dev.tutemetscombien.fr\/pt\/wp-json\/wp\/v2\/media?parent=958"}],"curies":[{"name":"wp","href":"https:\/\/api.w.org\/{rel}","templated":true}]}}