{"id":982,"date":"2025-06-12T10:12:19","date_gmt":"2025-06-12T08:12:19","guid":{"rendered":"https:\/\/dev.tutemetscombien.fr\/?page_id=982"},"modified":"2025-06-12T10:18:24","modified_gmt":"2025-06-12T08:18:24","slug":"politica-de-privacidade","status":"publish","type":"page","link":"https:\/\/dev.tutemetscombien.fr\/pt\/politique-de-confidentialite\/","title":{"rendered":"pol\u00edtica de Privacidade"},"content":{"rendered":"<div data-elementor-type=\"wp-page\" data-elementor-id=\"982\" class=\"elementor elementor-982\" data-elementor-post-type=\"page\">\n\t\t\t\t<div class=\"elementor-element elementor-element-4eefeba e-con-full e-flex e-con e-parent\" data-id=\"4eefeba\" data-element_type=\"container\" data-e-type=\"container\" data-settings=\"{&quot;background_background&quot;:&quot;classic&quot;}\">\n\t\t<div class=\"elementor-element elementor-element-6328355 e-flex e-con-boxed e-con e-child\" data-id=\"6328355\" data-element_type=\"container\" data-e-type=\"container\" data-settings=\"{&quot;background_background&quot;:&quot;classic&quot;}\">\n\t\t\t\t\t<div class=\"e-con-inner\">\n\t\t\t\t<div class=\"elementor-element elementor-element-974f98e elementor-widget elementor-widget-theme-post-title elementor-page-title elementor-widget-heading\" data-id=\"974f98e\" data-element_type=\"widget\" data-e-type=\"widget\" data-widget_type=\"theme-post-title.default\">\n\t\t\t\t<div class=\"elementor-widget-container\">\n\t\t\t\t\t<h1 class=\"elementor-heading-title elementor-size-default\">pol\u00edtica de Privacidade<\/h1>\t\t\t\t<\/div>\n\t\t\t\t<\/div>\n\t\t\t\t\t<\/div>\n\t\t\t\t<\/div>\n\t\t\t\t<\/div>\n\t\t<div class=\"elementor-element elementor-element-79a1933 e-flex e-con-boxed e-con e-parent\" data-id=\"79a1933\" data-element_type=\"container\" data-e-type=\"container\">\n\t\t\t\t\t<div class=\"e-con-inner\">\n\t\t\t\t<div class=\"elementor-element elementor-element-3c6db99 elementor-widget elementor-widget-text-editor\" data-id=\"3c6db99\" data-element_type=\"widget\" data-e-type=\"widget\" data-widget_type=\"text-editor.default\">\n\t\t\t\t<div class=\"elementor-widget-container\">\n\t\t\t\t\t\t\t\t\t<p>O site tutemetscombien.fr \u00e9 de propriedade da Tu te mets combien?, que \u00e9 a controladora de dados dos seus dados pessoais.<\/p><p>Adotamos esta pol\u00edtica de privacidade, que define como lidamos com as informa\u00e7\u00f5es coletadas pelo site tutemetscombien.fr e tamb\u00e9m explica por que precisamos coletar determinados dados pessoais sobre voc\u00ea. Portanto, voc\u00ea deve ler esta pol\u00edtica de privacidade antes de utilizar o site tutemetscombien.fr.<\/p><p>N\u00f3s cuidamos dos seus dados pessoais e estamos comprometidos em garantir sua confidencialidade e seguran\u00e7a.<\/p><p><strong>Informa\u00e7\u00f5es pessoais que coletamos:<\/strong><br \/>Ao visitar o site tutemetscombien.fr, coletamos automaticamente determinadas informa\u00e7\u00f5es sobre o seu dispositivo, incluindo informa\u00e7\u00f5es sobre seu navegador, endere\u00e7o IP, fuso hor\u00e1rio e alguns dos cookies instalados no seu dispositivo. Al\u00e9m disso, conforme voc\u00ea navega no Site, coletamos informa\u00e7\u00f5es sobre as p\u00e1ginas da web ou produtos individuais que voc\u00ea visualiza, quais sites ou termos de pesquisa o direcionaram ao Site e informa\u00e7\u00f5es sobre como voc\u00ea interage com o Site. Chamamos essas informa\u00e7\u00f5es coletadas automaticamente de &quot;Informa\u00e7\u00f5es do Dispositivo&quot;. Al\u00e9m disso, podemos coletar os dados pessoais que voc\u00ea nos fornece (incluindo, entre outros, nome, endere\u00e7o, informa\u00e7\u00f5es de pagamento, etc.) durante o cadastro para executar o contrato.<\/p><p><strong>Por que processamos seus dados?<\/strong><br \/>Nossa principal prioridade \u00e9 a seguran\u00e7a dos dados dos clientes e, como tal, podemos processar apenas o m\u00ednimo de dados do usu\u00e1rio na medida absolutamente necess\u00e1ria para a manuten\u00e7\u00e3o do site. As informa\u00e7\u00f5es coletadas automaticamente s\u00e3o usadas exclusivamente para identificar potenciais casos de abuso e compilar informa\u00e7\u00f5es estat\u00edsticas sobre o uso do site. Essas informa\u00e7\u00f5es estat\u00edsticas n\u00e3o s\u00e3o agregadas de forma a identificar um usu\u00e1rio espec\u00edfico do sistema.<\/p><p>Voc\u00ea pode visitar o Site sem nos dizer quem voc\u00ea \u00e9 ou revelar qualquer informa\u00e7\u00e3o pela qual algu\u00e9m possa identific\u00e1-lo como um indiv\u00edduo espec\u00edfico e identific\u00e1vel. No entanto, se voc\u00ea desejar usar determinados recursos do Site, ou se desejar receber nossa newsletter ou fornecer outros detalhes preenchendo um formul\u00e1rio, voc\u00ea pode nos fornecer dados pessoais, como seu e-mail, nome, sobrenome, cidade de resid\u00eancia, organiza\u00e7\u00e3o e n\u00famero de telefone. Voc\u00ea pode optar por n\u00e3o nos fornecer seus dados pessoais, mas ent\u00e3o voc\u00ea pode n\u00e3o ser capaz de aproveitar certos recursos do Site. Por exemplo, voc\u00ea n\u00e3o poder\u00e1 receber nossa newsletter ou entrar em contato conosco diretamente do Site. Usu\u00e1rios que n\u00e3o t\u00eam certeza de quais informa\u00e7\u00f5es s\u00e3o obrigat\u00f3rias podem entrar em contato conosco atrav\u00e9s de contact@tutemetscombien.fr.<\/p><p><strong>Seus direitos:<\/strong><br \/>Se voc\u00ea for um residente europeu, ter\u00e1 os seguintes direitos relacionados aos seus dados pessoais:<\/p><p>O direito de ser informado.<br \/>O direito de acesso.<br \/>O direito de retifica\u00e7\u00e3o.<br \/>O direito ao apagamento.<br \/>O direito de restringir o processamento.<br \/>O direito \u00e0 portabilidade de dados.<br \/>O direito de obje\u00e7\u00e3o.<br \/>Direitos relacionados \u00e0 tomada de decis\u00e3o automatizada e cria\u00e7\u00e3o de perfis.<br \/>Se voc\u00ea deseja exercer esse direito, entre em contato conosco usando os detalhes de contato abaixo.<\/p><p>Al\u00e9m disso, se voc\u00ea for residente europeu, informamos que estamos processando suas informa\u00e7\u00f5es para cumprir contratos que possamos ter com voc\u00ea (por exemplo, se voc\u00ea fizer um pedido atrav\u00e9s do Site) ou para perseguir nossos interesses comerciais leg\u00edtimos listados acima. Al\u00e9m disso, observe que suas informa\u00e7\u00f5es podem ser transferidas para fora da Europa, incluindo o Canad\u00e1 e os Estados Unidos.<\/p><p><strong>Links para outros sites:<\/strong><br \/>Nosso site pode conter links para outros sites que n\u00e3o s\u00e3o de nossa propriedade ou controlados por n\u00f3s. Esteja ciente de que n\u00e3o somos respons\u00e1veis por esses outros sites ou pelas pr\u00e1ticas de privacidade de terceiros. Recomendamos que voc\u00ea esteja atento ao sair do nosso site e leia as declara\u00e7\u00f5es de privacidade de todos os sites que podem coletar informa\u00e7\u00f5es pessoais.<\/p><p><strong>Seguran\u00e7a da informa\u00e7\u00e3o:<\/strong><br \/>Protegemos as informa\u00e7\u00f5es que voc\u00ea fornece em servidores em um ambiente controlado e seguro, protegido contra acesso, uso ou divulga\u00e7\u00e3o n\u00e3o autorizados. Mantemos salvaguardas administrativas, t\u00e9cnicas e f\u00edsicas razo\u00e1veis para proteger contra acesso, uso, modifica\u00e7\u00e3o e divulga\u00e7\u00e3o n\u00e3o autorizados de dados pessoais sob nosso controle e cust\u00f3dia. No entanto, nenhuma transmiss\u00e3o de dados pela internet ou qualquer rede sem fio pode ser garantida.<\/p><p><strong>Aviso Legal:<\/strong><br \/>Divulgaremos qualquer informa\u00e7\u00e3o que coletamos, usamos ou recebemos se exigido ou permitido por lei, como para cumprir uma intima\u00e7\u00e3o ou processo legal semelhante, e quando acreditarmos de boa-f\u00e9 que a divulga\u00e7\u00e3o \u00e9 necess\u00e1ria para proteger nossos direitos, sua seguran\u00e7a ou a seguran\u00e7a de terceiros, investigar fraudes ou responder a uma solicita\u00e7\u00e3o governamental.<\/p><p><strong>Informa\u00e7\u00f5es de contato:<\/strong><br \/>Se voc\u00ea quiser entrar em contato conosco para entender melhor esta pol\u00edtica ou se quiser entrar em contato conosco sobre qualquer assunto relacionado a direitos individuais e suas informa\u00e7\u00f5es pessoais, envie um e-mail para contact@tutemetscombien.fr.<\/p>\t\t\t\t\t\t\t\t<\/div>\n\t\t\t\t<\/div>\n\t\t\t\t\t<\/div>\n\t\t\t\t<\/div>\n\t\t<div class=\"elementor-element elementor-element-f3d620b e-flex e-con-boxed e-con e-child\" data-id=\"f3d620b\" data-element_type=\"container\" data-e-type=\"container\">\n\t\t\t\t\t<div class=\"e-con-inner\">\n\t\t<div class=\"elementor-element elementor-element-7724ad3 e-con-full e-flex e-con e-child\" data-id=\"7724ad3\" data-element_type=\"container\" data-e-type=\"container\">\n\t\t<div class=\"elementor-element elementor-element-15ace8d e-con-full e-flex e-con e-child\" data-id=\"15ace8d\" data-element_type=\"container\" data-e-type=\"container\">\n\t\t\t\t<div class=\"elementor-element elementor-element-090a06d elementor-widget__width-initial elementor-widget-mobile__width-initial elementor-widget elementor-widget-text-editor\" data-id=\"090a06d\" data-element_type=\"widget\" data-e-type=\"widget\" data-widget_type=\"text-editor.default\">\n\t\t\t\t<div class=\"elementor-widget-container\">\n\t\t\t\t\t\t\t\t\t<p>\u00a9 2025<\/p>\t\t\t\t\t\t\t\t<\/div>\n\t\t\t\t<\/div>\n\t\t\t\t<div class=\"elementor-element elementor-element-34f3245 elementor-widget__width-initial elementor-widget-mobile__width-initial elementor-widget elementor-widget-button\" data-id=\"34f3245\" data-element_type=\"widget\" data-e-type=\"widget\" data-widget_type=\"button.default\">\n\t\t\t\t<div class=\"elementor-widget-container\">\n\t\t\t\t\t\t\t\t\t<div class=\"elementor-button-wrapper\">\n\t\t\t\t\t<a class=\"elementor-button elementor-button-link elementor-size-sm\" href=\"\/pt\/avisos-legais\/\">\n\t\t\t\t\t\t<span class=\"elementor-button-content-wrapper\">\n\t\t\t\t\t\t\t\t\t<span class=\"elementor-button-text\">Avisos legais<\/span>\n\t\t\t\t\t<\/span>\n\t\t\t\t\t<\/a>\n\t\t\t\t<\/div>\n\t\t\t\t\t\t\t\t<\/div>\n\t\t\t\t<\/div>\n\t\t\t\t<div class=\"elementor-element elementor-element-be83330 elementor-widget__width-initial elementor-widget-mobile__width-initial elementor-widget elementor-widget-button\" data-id=\"be83330\" data-element_type=\"widget\" data-e-type=\"widget\" data-widget_type=\"button.default\">\n\t\t\t\t<div class=\"elementor-widget-container\">\n\t\t\t\t\t\t\t\t\t<div class=\"elementor-button-wrapper\">\n\t\t\t\t\t<a class=\"elementor-button elementor-button-link elementor-size-sm\" href=\"\/pt\/politica-de-privacidade\/\">\n\t\t\t\t\t\t<span class=\"elementor-button-content-wrapper\">\n\t\t\t\t\t\t\t\t\t<span class=\"elementor-button-text\">pol\u00edtica de Privacidade<\/span>\n\t\t\t\t\t<\/span>\n\t\t\t\t\t<\/a>\n\t\t\t\t<\/div>\n\t\t\t\t\t\t\t\t<\/div>\n\t\t\t\t<\/div>\n\t\t\t\t<div class=\"elementor-element elementor-element-1e906f2 elementor-widget__width-initial elementor-widget-mobile__width-initial elementor-widget elementor-widget-button\" data-id=\"1e906f2\" data-element_type=\"widget\" data-e-type=\"widget\" data-widget_type=\"button.default\">\n\t\t\t\t<div class=\"elementor-widget-container\">\n\t\t\t\t\t\t\t\t\t<div class=\"elementor-button-wrapper\">\n\t\t\t\t\t<a class=\"elementor-button elementor-button-link elementor-size-sm\" href=\"\/pt\/termos-e-condicoes-gerais\/\">\n\t\t\t\t\t\t<span class=\"elementor-button-content-wrapper\">\n\t\t\t\t\t\t\t\t\t<span class=\"elementor-button-text\">Termos e Condi\u00e7\u00f5es Gerais<\/span>\n\t\t\t\t\t<\/span>\n\t\t\t\t\t<\/a>\n\t\t\t\t<\/div>\n\t\t\t\t\t\t\t\t<\/div>\n\t\t\t\t<\/div>\n\t\t\t\t<\/div>\n\t\t\t\t<\/div>\n\t\t\t\t\t<\/div>\n\t\t\t\t<\/div>\n\t\t\t\t<\/div>","protected":false},"excerpt":{"rendered":"<p>Le site web tutemetscombien.fr est d\u00e9tenu par Tu te mets combien ?, qui est un contr\u00f4leur de donn\u00e9es de vos donn\u00e9es personnelles. Nous avons adopt\u00e9 cette politique de confidentialit\u00e9, qui d\u00e9termine la mani\u00e8re dont nous traitons les informations collect\u00e9es par tutemetscombien.fr, qui fournit \u00e9galement les raisons pour lesquelles nous devons collecter certaines donn\u00e9es personnelles vous [&hellip;]<\/p>\n","protected":false},"author":1,"featured_media":0,"parent":0,"menu_order":0,"comment_status":"closed","ping_status":"closed","template":"","meta":{"_acf_changed":false,"footnotes":""},"class_list":["post-982","page","type-page","status-publish","hentry"],"acf":[],"_links":{"self":[{"href":"https:\/\/dev.tutemetscombien.fr\/pt\/wp-json\/wp\/v2\/pages\/982","targetHints":{"allow":["GET"]}}],"collection":[{"href":"https:\/\/dev.tutemetscombien.fr\/pt\/wp-json\/wp\/v2\/pages"}],"about":[{"href":"https:\/\/dev.tutemetscombien.fr\/pt\/wp-json\/wp\/v2\/types\/page"}],"author":[{"embeddable":true,"href":"https:\/\/dev.tutemetscombien.fr\/pt\/wp-json\/wp\/v2\/users\/1"}],"replies":[{"embeddable":true,"href":"https:\/\/dev.tutemetscombien.fr\/pt\/wp-json\/wp\/v2\/comments?post=982"}],"version-history":[{"count":9,"href":"https:\/\/dev.tutemetscombien.fr\/pt\/wp-json\/wp\/v2\/pages\/982\/revisions"}],"predecessor-version":[{"id":1008,"href":"https:\/\/dev.tutemetscombien.fr\/pt\/wp-json\/wp\/v2\/pages\/982\/revisions\/1008"}],"wp:attachment":[{"href":"https:\/\/dev.tutemetscombien.fr\/pt\/wp-json\/wp\/v2\/media?parent=982"}],"curies":[{"name":"wp","href":"https:\/\/api.w.org\/{rel}","templated":true}]}}