{"id":1538,"date":"2025-07-16T11:39:04","date_gmt":"2025-07-16T09:39:04","guid":{"rendered":"https:\/\/dev.tutemetscombien.fr\/?post_type=product&#038;p=1538"},"modified":"2026-02-23T11:17:15","modified_gmt":"2026-02-23T10:17:15","slug":"ttmc-2-de-quanto-voce-esta-se-recuperando","status":"publish","type":"product","link":"https:\/\/dev.tutemetscombien.fr\/pt\/jeu-de-societe\/ttmc-2-tu-te-remets-combien\/","title":{"rendered":"TTMC 2 \u2013 Tu Te (Re)Mets Combien ?"},"content":{"rendered":"<p style=\"font-weight: 400;\"><em>TTMC 2 \u2013 Tu Te (Re)Mets Combien ?<\/em> Ele revive o princ\u00edpio cult dos quizzes, onde voc\u00ea autoavalia seus conhecimentos de 1 a 10, com uma boa dose de novos recursos!<\/p>\n<p style=\"font-weight: 400;\">Descubra 540 cartas e 4.028 novas perguntas sobre uma infinidade de assuntos, dos mais s\u00e9rios aos mais improv\u00e1veis.<\/p>\n<p style=\"font-weight: 400;\">Uma caixa de tamanho ideal para fuga, independente e aut\u00f4noma, \u00e9 at\u00e9 mesmo colocada dentro para que possa ser usada em qualquer lugar (exceto no chuveiro).<\/p>\n<p style=\"font-weight: 400;\">Novas cartas especiais &quot;intr\u00e9pidas&quot;, mais intera\u00e7\u00e3o em equipe, dura\u00e7\u00e3o do jogo ajust\u00e1vel... mas o princ\u00edpio permanece o mesmo: voc\u00ea escolhe uma classifica\u00e7\u00e3o entre 1 (f\u00e1cil) e 10 (especialista) para o tema sorteado. Quanto maior a classifica\u00e7\u00e3o, mais dif\u00edcil a pergunta. Se voc\u00ea responder corretamente, avan\u00e7a o n\u00famero de casas indicado pela sua classifica\u00e7\u00e3o.<\/p>","protected":false},"excerpt":{"rendered":"<div id=\"product-description-short-4524\">\n<p>Quais s\u00e3o suas notas em lontras? Em 5G? Em \u00e1lgebra?<br \/>\nA continua\u00e7\u00e3o do jogo de conhecimentos gerais onde voc\u00ea autoavalia seus conhecimentos de 1 a 10 em uma s\u00e9rie de novos assuntos!<\/p>\n<\/div>","protected":false},"featured_media":3138,"comment_status":"closed","ping_status":"closed","template":"","meta":{"_acf_changed":false},"product_brand":[],"product_cat":[37],"product_tag":[],"class_list":{"0":"post-1538","1":"product","2":"type-product","3":"status-publish","4":"has-post-thumbnail","6":"product_cat-ttmc-france","8":"first","9":"instock","10":"featured","11":"taxable","12":"shipping-taxable","13":"purchasable","14":"product-type-simple"},"acf":[],"_links":{"self":[{"href":"https:\/\/dev.tutemetscombien.fr\/pt\/wp-json\/wp\/v2\/product\/1538","targetHints":{"allow":["GET"]}}],"collection":[{"href":"https:\/\/dev.tutemetscombien.fr\/pt\/wp-json\/wp\/v2\/product"}],"about":[{"href":"https:\/\/dev.tutemetscombien.fr\/pt\/wp-json\/wp\/v2\/types\/product"}],"replies":[{"embeddable":true,"href":"https:\/\/dev.tutemetscombien.fr\/pt\/wp-json\/wp\/v2\/comments?post=1538"}],"wp:featuredmedia":[{"embeddable":true,"href":"https:\/\/dev.tutemetscombien.fr\/pt\/wp-json\/wp\/v2\/media\/3138"}],"wp:attachment":[{"href":"https:\/\/dev.tutemetscombien.fr\/pt\/wp-json\/wp\/v2\/media?parent=1538"}],"wp:term":[{"taxonomy":"product_brand","embeddable":true,"href":"https:\/\/dev.tutemetscombien.fr\/pt\/wp-json\/wp\/v2\/product_brand?post=1538"},{"taxonomy":"product_cat","embeddable":true,"href":"https:\/\/dev.tutemetscombien.fr\/pt\/wp-json\/wp\/v2\/product_cat?post=1538"},{"taxonomy":"product_tag","embeddable":true,"href":"https:\/\/dev.tutemetscombien.fr\/pt\/wp-json\/wp\/v2\/product_tag?post=1538"}],"curies":[{"name":"wp","href":"https:\/\/api.w.org\/{rel}","templated":true}]}}