{"id":1572,"date":"2025-07-21T12:11:16","date_gmt":"2025-07-21T10:11:16","guid":{"rendered":"https:\/\/dev.tutemetscombien.fr\/?post_type=product&#038;p=1572"},"modified":"2026-02-23T11:16:33","modified_gmt":"2026-02-23T10:16:33","slug":"ttmc-quanto-voce-esta-investindo","status":"publish","type":"product","link":"https:\/\/dev.tutemetscombien.fr\/pt\/jeu-de-societe\/ttmc-tu-te-mets-combien\/","title":{"rendered":"TTMC \u2013 Tu Te Mets Combien ?"},"content":{"rendered":"<p><em>TTMC \u2013 Tu Te Mets Combien ?<\/em> \u00c9 algo entre um quiz de conhecimentos gerais e um jogo de festa.<\/p>\n<p>Avalie seus conhecimentos de 1 a 10 em uma ampla variedade de t\u00f3picos, dos mais cl\u00e1ssicos aos mais inusitados, e seja o primeiro a...<br \/>\natravessar todo o planalto.<\/p>\n<p>O princ\u00edpio \u00e9 simples: voc\u00ea escolhe um n\u00edvel entre 1 (f\u00e1cil) e 10 (especialista) sobre o tema em quest\u00e3o. Quanto maior o n\u00famero, mais dif\u00edcil a pergunta. Se voc\u00ea responder corretamente, avan\u00e7a o n\u00famero de casas correspondente ao seu n\u00famero. F\u00e1cil? Tente o n\u00edvel 8 sobre alcachofras de Jerusal\u00e9m.<\/p>\n<p>\u00c9 divertido, acess\u00edvel e completamente viciante: 540 cartas, 4.132 perguntas e algumas cartas especiais para apimentar o jogo.<\/p>","protected":false},"excerpt":{"rendered":"<div id=\"product-description-short-154\">\n<p>O quanto voc\u00ea se considera parecido com Aladdin? Com animais imagin\u00e1rios? Com palitos de dente?<br \/>\nUm jogo de conhecimentos gerais onde voc\u00ea autoavalia seus conhecimentos de 1 a 10 sobre t\u00f3picos cl\u00e1ssicos e improv\u00e1veis!<\/p>\n<\/div>","protected":false},"featured_media":3143,"comment_status":"closed","ping_status":"closed","template":"","meta":{"_acf_changed":false},"product_brand":[],"product_cat":[37],"product_tag":[],"class_list":{"0":"post-1572","1":"product","2":"type-product","3":"status-publish","4":"has-post-thumbnail","6":"product_cat-ttmc-france","8":"first","9":"instock","10":"featured","11":"taxable","12":"shipping-taxable","13":"purchasable","14":"product-type-simple"},"acf":[],"_links":{"self":[{"href":"https:\/\/dev.tutemetscombien.fr\/pt\/wp-json\/wp\/v2\/product\/1572","targetHints":{"allow":["GET"]}}],"collection":[{"href":"https:\/\/dev.tutemetscombien.fr\/pt\/wp-json\/wp\/v2\/product"}],"about":[{"href":"https:\/\/dev.tutemetscombien.fr\/pt\/wp-json\/wp\/v2\/types\/product"}],"replies":[{"embeddable":true,"href":"https:\/\/dev.tutemetscombien.fr\/pt\/wp-json\/wp\/v2\/comments?post=1572"}],"wp:featuredmedia":[{"embeddable":true,"href":"https:\/\/dev.tutemetscombien.fr\/pt\/wp-json\/wp\/v2\/media\/3143"}],"wp:attachment":[{"href":"https:\/\/dev.tutemetscombien.fr\/pt\/wp-json\/wp\/v2\/media?parent=1572"}],"wp:term":[{"taxonomy":"product_brand","embeddable":true,"href":"https:\/\/dev.tutemetscombien.fr\/pt\/wp-json\/wp\/v2\/product_brand?post=1572"},{"taxonomy":"product_cat","embeddable":true,"href":"https:\/\/dev.tutemetscombien.fr\/pt\/wp-json\/wp\/v2\/product_cat?post=1572"},{"taxonomy":"product_tag","embeddable":true,"href":"https:\/\/dev.tutemetscombien.fr\/pt\/wp-json\/wp\/v2\/product_tag?post=1572"}],"curies":[{"name":"wp","href":"https:\/\/api.w.org\/{rel}","templated":true}]}}