{"id":1594,"date":"2025-07-21T15:19:09","date_gmt":"2025-07-21T13:19:09","guid":{"rendered":"https:\/\/dev.tutemetscombien.fr\/?post_type=product&#038;p=1594"},"modified":"2026-02-23T11:15:05","modified_gmt":"2026-02-23T10:15:05","slug":"ttmc-boa-comida-com-marmiton","status":"publish","type":"product","link":"https:\/\/dev.tutemetscombien.fr\/pt\/jeu-de-societe\/ttmc-bonne-bouffe-avec-marmiton\/","title":{"rendered":"TTMC \u2013 Bonne Bouffe avec Marmiton"},"content":{"rendered":"<p>Uma varia\u00e7\u00e3o saborosa de <em>TTMC \u2013 Tu Te Mets Combien ?<\/em>, Esta edi\u00e7\u00e3o especial oferece 162 cart\u00f5es e 1.157 perguntas sobre culin\u00e1ria.<\/p>\n<p>A f\u00f3rmula permanece a mesma: voc\u00ea autoavalia seu conhecimento de 1 (f\u00e1cil) a 10 (especialista) sobre o tema em quest\u00e3o. Quanto maior a pontua\u00e7\u00e3o, mais desafiadora a pergunta. Resposta correta? Voc\u00ea avan\u00e7a o n\u00famero de casas correspondente \u00e0 sua pontua\u00e7\u00e3o. Simples, envolvente e eficaz.<\/p>\n<p>Acess\u00edvel a todos os amantes da gastronomia, este jogo pode ser apreciado sem modera\u00e7\u00e3o.<\/p>\n<p>Em colabora\u00e7\u00e3o com a Marmiton.<\/p>","protected":false},"excerpt":{"rendered":"<div id=\"product-description-short-2134\">\n<p>Quanto voc\u00ea gasta com tiramisu? Com m\u00e9todos de preparo? Com chefs estrelados do Guia Michelin?<br \/>\nUma s\u00e9rie de perguntas, com Marmiton!<\/p>\n<\/div>","protected":false},"featured_media":1588,"comment_status":"closed","ping_status":"closed","template":"","meta":{"_acf_changed":false},"product_brand":[],"product_cat":[37],"product_tag":[],"class_list":{"0":"post-1594","1":"product","2":"type-product","3":"status-publish","4":"has-post-thumbnail","6":"product_cat-ttmc-france","8":"first","9":"instock","10":"taxable","11":"shipping-taxable","12":"purchasable","13":"product-type-simple"},"acf":[],"_links":{"self":[{"href":"https:\/\/dev.tutemetscombien.fr\/pt\/wp-json\/wp\/v2\/product\/1594","targetHints":{"allow":["GET"]}}],"collection":[{"href":"https:\/\/dev.tutemetscombien.fr\/pt\/wp-json\/wp\/v2\/product"}],"about":[{"href":"https:\/\/dev.tutemetscombien.fr\/pt\/wp-json\/wp\/v2\/types\/product"}],"replies":[{"embeddable":true,"href":"https:\/\/dev.tutemetscombien.fr\/pt\/wp-json\/wp\/v2\/comments?post=1594"}],"wp:featuredmedia":[{"embeddable":true,"href":"https:\/\/dev.tutemetscombien.fr\/pt\/wp-json\/wp\/v2\/media\/1588"}],"wp:attachment":[{"href":"https:\/\/dev.tutemetscombien.fr\/pt\/wp-json\/wp\/v2\/media?parent=1594"}],"wp:term":[{"taxonomy":"product_brand","embeddable":true,"href":"https:\/\/dev.tutemetscombien.fr\/pt\/wp-json\/wp\/v2\/product_brand?post=1594"},{"taxonomy":"product_cat","embeddable":true,"href":"https:\/\/dev.tutemetscombien.fr\/pt\/wp-json\/wp\/v2\/product_cat?post=1594"},{"taxonomy":"product_tag","embeddable":true,"href":"https:\/\/dev.tutemetscombien.fr\/pt\/wp-json\/wp\/v2\/product_tag?post=1594"}],"curies":[{"name":"wp","href":"https:\/\/api.w.org\/{rel}","templated":true}]}}