{"id":2188,"date":"2025-09-16T10:19:44","date_gmt":"2025-09-16T08:19:44","guid":{"rendered":"https:\/\/dev.tutemetscombien.fr\/?post_type=product&#038;p=2188"},"modified":"2026-02-23T11:14:13","modified_gmt":"2026-02-23T10:14:13","slug":"ttmc-o-complemento-belga","status":"publish","type":"product","link":"https:\/\/dev.tutemetscombien.fr\/pt\/jeu-de-societe\/ttmc-le-complement-belge\/","title":{"rendered":"TTMC \u2013 Le Compl\u00e9ment Belge"},"content":{"rendered":"<p>Mergulhe na cultura belga com esta extens\u00e3o local 100 %<em> TTMC \u2013 Tu Te Mets Combien ?<\/em>.<\/p>\n<p>130 cartas e 1.014 perguntas compat\u00edveis com o <em>TTMC 1<\/em> Para testar seus conhecimentos al\u00e9m de batatas fritas e stromae.<\/p>\n<p>O princ\u00edpio permanece o mesmo: voc\u00ea autoavalia seu conhecimento de 1 (f\u00e1cil) a 10 (especialista) sobre o tema em quest\u00e3o. Quanto maior a pontua\u00e7\u00e3o, mais dif\u00edcil a pergunta. Resposta correta? Voc\u00ea avan\u00e7a o n\u00famero de casas correspondente \u00e0 sua pontua\u00e7\u00e3o.<\/p>","protected":false},"excerpt":{"rendered":"<p>Quanto voc\u00ea investiria em um Chevrolet? Em Beno\u00eet Poelvoorde? Em bicicletas ferrovi\u00e1rias?<br \/>\nA extens\u00e3o <em>TTMC<\/em> Edi\u00e7\u00e3o especial da B\u00e9lgica!<\/p>","protected":false},"featured_media":3149,"comment_status":"closed","ping_status":"closed","template":"","meta":{"_acf_changed":false},"product_brand":[],"product_cat":[37],"product_tag":[],"class_list":{"0":"post-2188","1":"product","2":"type-product","3":"status-publish","4":"has-post-thumbnail","6":"product_cat-ttmc-france","8":"first","9":"outofstock","10":"taxable","11":"shipping-taxable","12":"purchasable","13":"product-type-simple"},"acf":[],"_links":{"self":[{"href":"https:\/\/dev.tutemetscombien.fr\/pt\/wp-json\/wp\/v2\/product\/2188","targetHints":{"allow":["GET"]}}],"collection":[{"href":"https:\/\/dev.tutemetscombien.fr\/pt\/wp-json\/wp\/v2\/product"}],"about":[{"href":"https:\/\/dev.tutemetscombien.fr\/pt\/wp-json\/wp\/v2\/types\/product"}],"replies":[{"embeddable":true,"href":"https:\/\/dev.tutemetscombien.fr\/pt\/wp-json\/wp\/v2\/comments?post=2188"}],"wp:featuredmedia":[{"embeddable":true,"href":"https:\/\/dev.tutemetscombien.fr\/pt\/wp-json\/wp\/v2\/media\/3149"}],"wp:attachment":[{"href":"https:\/\/dev.tutemetscombien.fr\/pt\/wp-json\/wp\/v2\/media?parent=2188"}],"wp:term":[{"taxonomy":"product_brand","embeddable":true,"href":"https:\/\/dev.tutemetscombien.fr\/pt\/wp-json\/wp\/v2\/product_brand?post=2188"},{"taxonomy":"product_cat","embeddable":true,"href":"https:\/\/dev.tutemetscombien.fr\/pt\/wp-json\/wp\/v2\/product_cat?post=2188"},{"taxonomy":"product_tag","embeddable":true,"href":"https:\/\/dev.tutemetscombien.fr\/pt\/wp-json\/wp\/v2\/product_tag?post=2188"}],"curies":[{"name":"wp","href":"https:\/\/api.w.org\/{rel}","templated":true}]}}