{"id":2523,"date":"2025-10-21T12:23:59","date_gmt":"2025-10-21T10:23:59","guid":{"rendered":"https:\/\/dev.tutemetscombien.fr\/?post_type=product&#038;p=2523"},"modified":"2026-02-23T11:10:55","modified_gmt":"2026-02-23T10:10:55","slug":"acesso-ao-ttmc-quanto-voce-esta-investindo","status":"publish","type":"product","link":"https:\/\/dev.tutemetscombien.fr\/pt\/jeu-de-societe\/ttmc-access-tu-te-mets-combien\/","title":{"rendered":"TTMC Access \u2013 Tu Te Mets Combien ?"},"content":{"rendered":"<p>Mesma jogabilidade, mesmo humor peculiar, mas em uma vers\u00e3o criada para que todos possam jogar. <em>TTMC<\/em>.<br \/>\nCom <em>TTMC Access<\/em>, descobre uma adapta\u00e7\u00e3o de <em>TTMC 1<\/em> Projetado especialmente para pessoas com defici\u00eancia visual e cegas.<\/p>\n<p>O princ\u00edpio permanece o mesmo: voc\u00ea autoavalia seu conhecimento de 1 (f\u00e1cil) a 10 (especialista) sobre o tema escolhido. Quanto maior a pontua\u00e7\u00e3o, mais...<br \/>\nA pergunta \u00e9 dif\u00edcil. Uma boa resposta? Voc\u00ea avan\u00e7a o n\u00famero de casas igual \u00e0 sua pontua\u00e7\u00e3o.<\/p>\n<p><strong>Uma tela sens\u00edvel ao toque<\/strong><br \/>\nO tabuleiro do jogo foi redesenhado para uma experi\u00eancia fluida e intuitiva.<br \/>\nUma linha guia feita de verniz espesso conduz os jogadores da casa inicial \u00e0 casa final, seguindo uma espiral t\u00e1til que permite<br \/>\nPara sempre saber em que dire\u00e7\u00e3o mover sua pe\u00e7a.<br \/>\nCada categoria est\u00e1 associada a um formato oco distinto na bandeja para facilitar a identifica\u00e7\u00e3o.<\/p>\n<p><strong>Mapas conectados<\/strong><br \/>\nAs diferentes categorias de perguntas s\u00e3o representadas por pe\u00e7as de papel\u00e3o com o mesmo formato das do quadro, equipadas com chips NFC.<br \/>\nBasta digitaliz\u00e1-los com um smartphone usando o aplicativo. <em>TTMC Access<\/em>, Quem l\u00ea a pergunta em voz alta.<br \/>\nUma tecnologia simples, sem necessidade de mira, e mais fluida que um c\u00f3digo QR.<\/p>\n<p><strong>Um aplicativo dedicado<\/strong><br \/>\nDispon\u00edvel para iPhone e Android, o aplicativo <em>TTMC Access<\/em> \u00c9 totalmente compat\u00edvel com as ferramentas de acessibilidade do TalkBack e<br \/>\nNarra\u00e7\u00e3o.<br \/>\nPode ser ajustado de acordo com as necessidades de cada jogador (s\u00edntese de voz, velocidade de leitura, tamanho da fonte, etc.).<br \/>\nO manual de instru\u00e7\u00f5es pode ser acessado a qualquer momento atrav\u00e9s da aba Ajuda, para guiar os jogadores passo a passo durante o jogo.<\/p>\n<p>Em colabora\u00e7\u00e3o com a AccessiGames.<\/p>","protected":false},"excerpt":{"rendered":"<div id=\"product-description-short-4524\">\n<p>O quanto voc\u00ea se considera parecido com Aladdin? Com animais imagin\u00e1rios? Com palitos de dente?<br \/>\nA vers\u00e3o de <em>TTMC<\/em> desenvolvido para pessoas com defici\u00eancia visual e cegas, em colabora\u00e7\u00e3o com a AccessiGames.<\/p>\n<\/div>","protected":false},"featured_media":3157,"comment_status":"closed","ping_status":"closed","template":"","meta":{"_acf_changed":false},"product_brand":[],"product_cat":[37],"product_tag":[],"class_list":{"0":"post-2523","1":"product","2":"type-product","3":"status-publish","4":"has-post-thumbnail","6":"product_cat-ttmc-france","8":"first","9":"instock","10":"taxable","11":"shipping-taxable","12":"purchasable","13":"product-type-simple"},"acf":[],"_links":{"self":[{"href":"https:\/\/dev.tutemetscombien.fr\/pt\/wp-json\/wp\/v2\/product\/2523","targetHints":{"allow":["GET"]}}],"collection":[{"href":"https:\/\/dev.tutemetscombien.fr\/pt\/wp-json\/wp\/v2\/product"}],"about":[{"href":"https:\/\/dev.tutemetscombien.fr\/pt\/wp-json\/wp\/v2\/types\/product"}],"replies":[{"embeddable":true,"href":"https:\/\/dev.tutemetscombien.fr\/pt\/wp-json\/wp\/v2\/comments?post=2523"}],"wp:featuredmedia":[{"embeddable":true,"href":"https:\/\/dev.tutemetscombien.fr\/pt\/wp-json\/wp\/v2\/media\/3157"}],"wp:attachment":[{"href":"https:\/\/dev.tutemetscombien.fr\/pt\/wp-json\/wp\/v2\/media?parent=2523"}],"wp:term":[{"taxonomy":"product_brand","embeddable":true,"href":"https:\/\/dev.tutemetscombien.fr\/pt\/wp-json\/wp\/v2\/product_brand?post=2523"},{"taxonomy":"product_cat","embeddable":true,"href":"https:\/\/dev.tutemetscombien.fr\/pt\/wp-json\/wp\/v2\/product_cat?post=2523"},{"taxonomy":"product_tag","embeddable":true,"href":"https:\/\/dev.tutemetscombien.fr\/pt\/wp-json\/wp\/v2\/product_tag?post=2523"}],"curies":[{"name":"wp","href":"https:\/\/api.w.org\/{rel}","templated":true}]}}