{"id":3128,"date":"2025-11-20T10:50:32","date_gmt":"2025-11-20T09:50:32","guid":{"rendered":"https:\/\/dev.tutemetscombien.fr\/?post_type=product&#038;p=3128"},"modified":"2025-12-01T15:34:47","modified_gmt":"2025-12-01T14:34:47","slug":"ttmc-martinica","status":"publish","type":"product","link":"https:\/\/dev.tutemetscombien.fr\/pt\/jeu-de-societe\/ttmc-martinique\/","title":{"rendered":"TTMC \u2013 Edi\u00e7\u00e3o Martinica"},"content":{"rendered":"<p><em>TTMC \u2013 Tu Te Mets Combien ?<\/em> \u00c9 um meio-termo entre um jogo de conhecimentos gerais e um jogo de festa.<\/p>\n<p>Avalie seus conhecimentos de 1 a 10 em uma infinidade de assuntos, dos mais cl\u00e1ssicos aos mais improv\u00e1veis, e seja o primeiro a percorrer todo o tabuleiro.<\/p>\n<p>O princ\u00edpio \u00e9 simples: voc\u00ea escolhe um n\u00edvel entre 1 (f\u00e1cil) e 10 (especialista) sobre o tema em quest\u00e3o. Quanto maior o n\u00famero, mais dif\u00edcil a pergunta. Se voc\u00ea responder corretamente, avan\u00e7a o n\u00famero de casas correspondente ao seu n\u00famero. F\u00e1cil? Tente o n\u00edvel 8 sobre alcachofras de Jerusal\u00e9m.<\/p>\n<p>\u00c9 divertido, acess\u00edvel e completamente viciante!<\/p>\n<p>Ent\u00e3o, qual o valor que voc\u00ea atribui ao Monte Pel\u00e9e? E \u00e0s &quot;comunas sagradas&quot;? E aos monumentos hist\u00f3ricos da Martinica?<\/p>","protected":false},"excerpt":{"rendered":"<div id=\"product-description-short-154\">\n<p>A vers\u00e3o Martinica do nosso jogo de tabuleiro de sucesso, em formato de escapadela!<\/p>\n<\/div>","protected":false},"featured_media":3130,"comment_status":"closed","ping_status":"closed","template":"","meta":{"_acf_changed":false},"product_brand":[],"product_cat":[34],"product_tag":[],"class_list":{"0":"post-3128","1":"product","2":"type-product","3":"status-publish","4":"has-post-thumbnail","6":"product_cat-ttmc-a-linternational","8":"first","9":"instock","10":"taxable","11":"shipping-taxable","12":"product-type-external"},"acf":[],"_links":{"self":[{"href":"https:\/\/dev.tutemetscombien.fr\/pt\/wp-json\/wp\/v2\/product\/3128","targetHints":{"allow":["GET"]}}],"collection":[{"href":"https:\/\/dev.tutemetscombien.fr\/pt\/wp-json\/wp\/v2\/product"}],"about":[{"href":"https:\/\/dev.tutemetscombien.fr\/pt\/wp-json\/wp\/v2\/types\/product"}],"replies":[{"embeddable":true,"href":"https:\/\/dev.tutemetscombien.fr\/pt\/wp-json\/wp\/v2\/comments?post=3128"}],"wp:featuredmedia":[{"embeddable":true,"href":"https:\/\/dev.tutemetscombien.fr\/pt\/wp-json\/wp\/v2\/media\/3130"}],"wp:attachment":[{"href":"https:\/\/dev.tutemetscombien.fr\/pt\/wp-json\/wp\/v2\/media?parent=3128"}],"wp:term":[{"taxonomy":"product_brand","embeddable":true,"href":"https:\/\/dev.tutemetscombien.fr\/pt\/wp-json\/wp\/v2\/product_brand?post=3128"},{"taxonomy":"product_cat","embeddable":true,"href":"https:\/\/dev.tutemetscombien.fr\/pt\/wp-json\/wp\/v2\/product_cat?post=3128"},{"taxonomy":"product_tag","embeddable":true,"href":"https:\/\/dev.tutemetscombien.fr\/pt\/wp-json\/wp\/v2\/product_tag?post=3128"}],"curies":[{"name":"wp","href":"https:\/\/api.w.org\/{rel}","templated":true}]}}